{"id":24373,"date":"2023-10-25T22:04:17","date_gmt":"2023-10-25T19:04:17","guid":{"rendered":"https:\/\/farwell.ee\/?post_type=product&#038;p=24373"},"modified":"2024-08-13T16:07:08","modified_gmt":"2024-08-13T13:07:08","slug":"15l-elektrifrituur-prog-400mm","status":"publish","type":"product","link":"https:\/\/farwell.ee\/ru\/product\/15l-elektrifrituur-prog-400mm\/","title":{"rendered":"Elektrifrit\u00fc\u00fcr 15L programmeeritav, laius 400mm"},"content":{"rendered":"","protected":false},"excerpt":{"rendered":"<p><strong>*hinnale lisandub k\u00e4ibemaks<\/strong><\/p>\n<ul>\n<li>Paigaldamiseks reguleeritava k\u00f5rgusega jalgadele<\/li>\n<li>Suure efektiivsusega infrapunakuumutid (10kW) on paigaldatud kuumutusvanni v\u00e4lispinnale<\/li>\n<li>S\u00fcgav V kujuline vann<\/li>\n<li>\u00d5li v\u00e4ljutus toimub l\u00e4bi kraani vanni all paiknevasse mahutisse<\/li>\n<li>Elektrooniline ja programmeeritav juhtimine<\/li>\n<li>V\u00e4lispaneelid roostevabast terasest Scotch Brite pinnaviimistlusega<\/li>\n<li>\u00dches t\u00fckist pressitud \u00fclaosa on 1,5 mm paksust roostevabast terasest<\/li>\n<li>T\u00e4isnurksed servad v\u00f5imaldavad seadmeid omavahel tihedalt \u00fchendada<\/li>\n<\/ul>\n<p>M\u00f5\u00f5tmed: 400x730x850mm<\/p>\n<p>V\u00f5imsus: 10 kW<\/p>\n<p>Kaubam\u00e4rk: Electrolux Proffesional<\/p>\n<p>Tootekood: <a href=\"https:\/\/farwell.ee\/wp-content\/uploads\/371083.pdf\">371083<\/a><\/p>","protected":false},"featured_media":24375,"template":"","meta":{"_acf_changed":false,"inline_featured_image":false},"product_brand":[],"product_cat":[5584],"product_tag":[],"class_list":{"0":"post-24373","1":"product","2":"type-product","3":"status-publish","4":"has-post-thumbnail","6":"product_cat-profifrituurid","8":"first","9":"outofstock","10":"shipping-taxable","11":"purchasable","12":"product-type-simple"},"acf":[],"_links":{"self":[{"href":"https:\/\/farwell.ee\/ru\/wp-json\/wp\/v2\/product\/24373","targetHints":{"allow":["GET"]}}],"collection":[{"href":"https:\/\/farwell.ee\/ru\/wp-json\/wp\/v2\/product"}],"about":[{"href":"https:\/\/farwell.ee\/ru\/wp-json\/wp\/v2\/types\/product"}],"wp:featuredmedia":[{"embeddable":true,"href":"https:\/\/farwell.ee\/ru\/wp-json\/wp\/v2\/media\/24375"}],"wp:attachment":[{"href":"https:\/\/farwell.ee\/ru\/wp-json\/wp\/v2\/media?parent=24373"}],"wp:term":[{"taxonomy":"product_brand","embeddable":true,"href":"https:\/\/farwell.ee\/ru\/wp-json\/wp\/v2\/product_brand?post=24373"},{"taxonomy":"product_cat","embeddable":true,"href":"https:\/\/farwell.ee\/ru\/wp-json\/wp\/v2\/product_cat?post=24373"},{"taxonomy":"product_tag","embeddable":true,"href":"https:\/\/farwell.ee\/ru\/wp-json\/wp\/v2\/product_tag?post=24373"}],"curies":[{"name":"wp","href":"https:\/\/api.w.org\/{rel}","templated":true}]}}