{"id":24367,"date":"2023-10-25T21:49:06","date_gmt":"2023-10-25T18:49:06","guid":{"rendered":"https:\/\/farwell.ee\/?post_type=product&#038;p=24367"},"modified":"2024-08-13T16:23:22","modified_gmt":"2024-08-13T13:23:22","slug":"2x7l-elektrifrituur-aluskapiga-800mm","status":"publish","type":"product","link":"https:\/\/farwell.ee\/ru\/product\/2x7l-elektrifrituur-aluskapiga-800mm\/","title":{"rendered":"Elektrifrit\u00fc\u00fcr 2x7L aluskapiga, laius 800mm"},"content":{"rendered":"","protected":false},"excerpt":{"rendered":"<p><strong>*hinnale lisandub k\u00e4ibemaks<\/strong><\/p>\n<ul>\n<li>K\u00f5rge efektiivsusega 28 kW roostevabast terasest p\u00f5letid<\/li>\n<li>Sobib maagaasile v\u00f5i LPG-le<\/li>\n<li>S\u00fcgavad V-kujulised vannid<\/li>\n<li>\u00d5li voolab kraani kaudu vanni alla paigutatud anumasse<\/li>\n<li>K\u00f5rgus reguleeritav, jalad roostevabast terasest<\/li>\n<li>V\u00e4lispaneelid roostevabast terasest<\/li>\n<li>T\u00f6\u00f6pind 20\/10, roostevaba teras<\/li>\n<li>T\u00e4isnurksed k\u00fclgmised servad k\u00f5rvaldavad t\u00fchimikud ja v\u00f5imalikud kohad, kuhu seadmete vahel mustus koguneda saaks<\/li>\n<\/ul>\n<p>M\u00f5\u00f5tmed: 800x730x850mm<\/p>\n<p>V\u00f5imsus: 28 kW<\/p>\n<p>Kaubam\u00e4rk: Electrolux Professional<\/p>\n<p>Tootekood:<a href=\"https:\/\/farwell.ee\/wp-content\/uploads\/391078.pdf\"> 371078<\/a><\/p>","protected":false},"featured_media":24369,"template":"","meta":{"_acf_changed":false,"inline_featured_image":false},"product_brand":[],"product_cat":[5584],"product_tag":[],"class_list":{"0":"post-24367","1":"product","2":"type-product","3":"status-publish","4":"has-post-thumbnail","6":"product_cat-profifrituurid","8":"first","9":"outofstock","10":"shipping-taxable","11":"purchasable","12":"product-type-simple"},"acf":[],"_links":{"self":[{"href":"https:\/\/farwell.ee\/ru\/wp-json\/wp\/v2\/product\/24367","targetHints":{"allow":["GET"]}}],"collection":[{"href":"https:\/\/farwell.ee\/ru\/wp-json\/wp\/v2\/product"}],"about":[{"href":"https:\/\/farwell.ee\/ru\/wp-json\/wp\/v2\/types\/product"}],"wp:featuredmedia":[{"embeddable":true,"href":"https:\/\/farwell.ee\/ru\/wp-json\/wp\/v2\/media\/24369"}],"wp:attachment":[{"href":"https:\/\/farwell.ee\/ru\/wp-json\/wp\/v2\/media?parent=24367"}],"wp:term":[{"taxonomy":"product_brand","embeddable":true,"href":"https:\/\/farwell.ee\/ru\/wp-json\/wp\/v2\/product_brand?post=24367"},{"taxonomy":"product_cat","embeddable":true,"href":"https:\/\/farwell.ee\/ru\/wp-json\/wp\/v2\/product_cat?post=24367"},{"taxonomy":"product_tag","embeddable":true,"href":"https:\/\/farwell.ee\/ru\/wp-json\/wp\/v2\/product_tag?post=24367"}],"curies":[{"name":"wp","href":"https:\/\/api.w.org\/{rel}","templated":true}]}}