{"id":24364,"date":"2023-10-25T21:36:59","date_gmt":"2023-10-25T18:36:59","guid":{"rendered":"https:\/\/farwell.ee\/?post_type=product&#038;p=24364"},"modified":"2024-02-11T23:11:00","modified_gmt":"2024-02-11T21:11:00","slug":"2x15l-gaasifrituur-aluskapiga-800mm","status":"publish","type":"product","link":"https:\/\/farwell.ee\/ru\/product\/2x15l-gaasifrituur-aluskapiga-800mm\/","title":{"rendered":"Gaasifrit\u00fc\u00fcr 2x15L aluskapiga, laius 800mm"},"content":{"rendered":"","protected":false},"excerpt":{"rendered":"<ul>\n<li>Paigaldamiseks reguleeritava k\u00f5rgusega jalgadele<\/li>\n<li>Neli suure efektiivsusega 7kW gaasip\u00f5letit on valmistatud roostevabast terasest<\/li>\n<li>Sobib kasutamiseks loodusliku ja LPG gaasiga<\/li>\n<li>S\u00fcgav V kujuline vann<\/li>\n<li>\u00d5li v\u00e4ljutus toimub l\u00e4bi kraani \u00f5livanni all asuvasse mahutisse<\/li>\n<li>V\u00e4lispaneelid roostevabast terasest Scotch Brite pinnaviimistlusega<\/li>\n<li>\u00dches t\u00fckist pressitud \u00fclaosa on 1,5 mm paksust roostevabast terasest<\/li>\n<li>T\u00e4isnurksed servad v\u00f5imaldavad seadmeid omavahel tihedalt \u00fchendada<\/li>\n<\/ul>\n<p>M\u00f5\u00f5tmed: 800x730x850mm<\/p>\n<p>V\u00f5imsus: 28 kW<\/p>\n<p>Kaubam\u00e4rk: Electrolux Professional<\/p>\n<p>Tootekood: <a href=\"https:\/\/farwell.ee\/wp-content\/uploads\/371071.pdf\">371071<\/a><\/p>","protected":false},"featured_media":24366,"template":"","meta":{"_acf_changed":false,"inline_featured_image":false},"product_brand":[],"product_cat":[5584],"product_tag":[],"class_list":{"0":"post-24364","1":"product","2":"type-product","3":"status-publish","4":"has-post-thumbnail","6":"product_cat-profifrituurid","8":"first","9":"outofstock","10":"shipping-taxable","11":"purchasable","12":"product-type-simple"},"acf":[],"_links":{"self":[{"href":"https:\/\/farwell.ee\/ru\/wp-json\/wp\/v2\/product\/24364","targetHints":{"allow":["GET"]}}],"collection":[{"href":"https:\/\/farwell.ee\/ru\/wp-json\/wp\/v2\/product"}],"about":[{"href":"https:\/\/farwell.ee\/ru\/wp-json\/wp\/v2\/types\/product"}],"wp:featuredmedia":[{"embeddable":true,"href":"https:\/\/farwell.ee\/ru\/wp-json\/wp\/v2\/media\/24366"}],"wp:attachment":[{"href":"https:\/\/farwell.ee\/ru\/wp-json\/wp\/v2\/media?parent=24364"}],"wp:term":[{"taxonomy":"product_brand","embeddable":true,"href":"https:\/\/farwell.ee\/ru\/wp-json\/wp\/v2\/product_brand?post=24364"},{"taxonomy":"product_cat","embeddable":true,"href":"https:\/\/farwell.ee\/ru\/wp-json\/wp\/v2\/product_cat?post=24364"},{"taxonomy":"product_tag","embeddable":true,"href":"https:\/\/farwell.ee\/ru\/wp-json\/wp\/v2\/product_tag?post=24364"}],"curies":[{"name":"wp","href":"https:\/\/api.w.org\/{rel}","templated":true}]}}