{"id":24350,"date":"2023-10-25T21:17:43","date_gmt":"2023-10-25T18:17:43","guid":{"rendered":"https:\/\/farwell.ee\/?post_type=product&#038;p=24350"},"modified":"2024-08-13T16:24:04","modified_gmt":"2024-08-13T13:24:04","slug":"2x7l-elektrifrituur-lauapealne-800mm","status":"publish","type":"product","link":"https:\/\/farwell.ee\/ru\/product\/2x7l-elektrifrituur-lauapealne-800mm\/","title":{"rendered":"Elektrifrit\u00fc\u00fcr 2x7L lauapealne, laius 800mm"},"content":{"rendered":"","protected":false},"excerpt":{"rendered":"<p><strong>*hinnale lisandub k\u00e4ibemaks<\/strong><\/p>\n<ul>\n<li>Paigaldamiseks avatud v\u00f5i sild t\u00fc\u00fcpi alusele ja cantileverile<\/li>\n<li>Suure efektiivsusega infrapunakuumutid (10,8kW) on paigaldatud kuumutusvanni v\u00e4lispinnale<\/li>\n<li>S\u00fcgav V-kujuline vann<\/li>\n<li>\u00d5li v\u00e4ljutuskraan esik\u00fcljel<\/li>\n<li>V\u00e4lipaneelid roostevabast terasest Scotch Brite pinnaviimistlusega<\/li>\n<li>\u00dches t\u00fckist pressitud \u00fclaosa on 1,5 mm paksust roostevabast terasest<\/li>\n<li>T\u00e4isnurksed servad v\u00f5imaldavad seadmeid omavahel tihedalt \u00fchendada<\/li>\n<\/ul>\n<p>M\u00f5\u00f5dud: 800x730x250mm<\/p>\n<p>V\u00f5imsus: 10.8 kW<\/p>\n<p>Kaubam\u00e4rk: Electrolux Professional<\/p>\n<p>Tootekood: <a href=\"https:\/\/farwell.ee\/wp-content\/uploads\/371076.pdf\">371076<\/a><\/p>\n<p>&nbsp;<\/p>","protected":false},"featured_media":24352,"template":"","meta":{"_acf_changed":false,"inline_featured_image":false},"product_brand":[],"product_cat":[5584],"product_tag":[],"class_list":{"0":"post-24350","1":"product","2":"type-product","3":"status-publish","4":"has-post-thumbnail","6":"product_cat-profifrituurid","8":"first","9":"outofstock","10":"shipping-taxable","11":"purchasable","12":"product-type-simple"},"acf":[],"_links":{"self":[{"href":"https:\/\/farwell.ee\/ru\/wp-json\/wp\/v2\/product\/24350","targetHints":{"allow":["GET"]}}],"collection":[{"href":"https:\/\/farwell.ee\/ru\/wp-json\/wp\/v2\/product"}],"about":[{"href":"https:\/\/farwell.ee\/ru\/wp-json\/wp\/v2\/types\/product"}],"wp:featuredmedia":[{"embeddable":true,"href":"https:\/\/farwell.ee\/ru\/wp-json\/wp\/v2\/media\/24352"}],"wp:attachment":[{"href":"https:\/\/farwell.ee\/ru\/wp-json\/wp\/v2\/media?parent=24350"}],"wp:term":[{"taxonomy":"product_brand","embeddable":true,"href":"https:\/\/farwell.ee\/ru\/wp-json\/wp\/v2\/product_brand?post=24350"},{"taxonomy":"product_cat","embeddable":true,"href":"https:\/\/farwell.ee\/ru\/wp-json\/wp\/v2\/product_cat?post=24350"},{"taxonomy":"product_tag","embeddable":true,"href":"https:\/\/farwell.ee\/ru\/wp-json\/wp\/v2\/product_tag?post=24350"}],"curies":[{"name":"wp","href":"https:\/\/api.w.org\/{rel}","templated":true}]}}