{"id":24346,"date":"2023-10-25T21:03:15","date_gmt":"2023-10-25T18:03:15","guid":{"rendered":"https:\/\/farwell.ee\/?post_type=product&#038;p=24346"},"modified":"2024-02-11T23:11:48","modified_gmt":"2024-02-11T21:11:48","slug":"2x7l-gaasifrituur-lauapealne-800mm","status":"publish","type":"product","link":"https:\/\/farwell.ee\/ru\/product\/2x7l-gaasifrituur-lauapealne-800mm\/","title":{"rendered":"Gaasifrit\u00fc\u00fcr 2x7L lauapealne, laius 800mm"},"content":{"rendered":"","protected":false},"excerpt":{"rendered":"<ul>\n<li>Paigaldamiseks avatud v\u00f5i sild t\u00fc\u00fcpi alusele ja cantileverile<\/li>\n<li>Suure efektiivsusega 7kW gaasip\u00f5letid on valmistatud roostevabast terasest<\/li>\n<li>Sobib kasutamiseks loodusliku ja LPG gaasiga<\/li>\n<li>S\u00fcgav V-kujuline vann<\/li>\n<li>\u00d5li v\u00e4ljutuskraan esik\u00fcljel<\/li>\n<li>V\u00e4lispaneelid roostevabast terasest<\/li>\n<li>Scotch Brite pinnaviimistlusega<\/li>\n<li>\u00dches t\u00fckist pressitud \u00fclaosa on 1,5 mm<\/li>\n<li>Paksust roostevabast terasest<\/li>\n<li>T\u00e4isnurksed servad v\u00f5imaldavad seadmeid omavahel tihedalt \u00fchendada<\/li>\n<\/ul>\n<p>m\u00f5\u00f5dud: 800x730x250mm<\/p>\n<p>V\u00f5imsus: 2 x 7 kW<\/p>\n<p>Kaubam\u00e4rk: Electrolux Professional<\/p>\n<p>Tootekood: <a href=\"https:\/\/farwell.ee\/wp-content\/uploads\/371067_Estonian.pdf\">371067<\/a><\/p>","protected":false},"featured_media":24347,"template":"","meta":{"_acf_changed":false,"inline_featured_image":false},"product_brand":[],"product_cat":[5584],"product_tag":[],"class_list":{"0":"post-24346","1":"product","2":"type-product","3":"status-publish","4":"has-post-thumbnail","6":"product_cat-profifrituurid","8":"first","9":"outofstock","10":"shipping-taxable","11":"purchasable","12":"product-type-simple"},"acf":[],"_links":{"self":[{"href":"https:\/\/farwell.ee\/ru\/wp-json\/wp\/v2\/product\/24346","targetHints":{"allow":["GET"]}}],"collection":[{"href":"https:\/\/farwell.ee\/ru\/wp-json\/wp\/v2\/product"}],"about":[{"href":"https:\/\/farwell.ee\/ru\/wp-json\/wp\/v2\/types\/product"}],"wp:featuredmedia":[{"embeddable":true,"href":"https:\/\/farwell.ee\/ru\/wp-json\/wp\/v2\/media\/24347"}],"wp:attachment":[{"href":"https:\/\/farwell.ee\/ru\/wp-json\/wp\/v2\/media?parent=24346"}],"wp:term":[{"taxonomy":"product_brand","embeddable":true,"href":"https:\/\/farwell.ee\/ru\/wp-json\/wp\/v2\/product_brand?post=24346"},{"taxonomy":"product_cat","embeddable":true,"href":"https:\/\/farwell.ee\/ru\/wp-json\/wp\/v2\/product_cat?post=24346"},{"taxonomy":"product_tag","embeddable":true,"href":"https:\/\/farwell.ee\/ru\/wp-json\/wp\/v2\/product_tag?post=24346"}],"curies":[{"name":"wp","href":"https:\/\/api.w.org\/{rel}","templated":true}]}}