{"id":24103,"date":"2023-10-12T10:15:05","date_gmt":"2023-10-12T07:15:05","guid":{"rendered":"https:\/\/farwell.ee\/toode\/prugikast-e-prugikonteiner-120l-ummargune-kaaneta\/"},"modified":"2025-07-01T12:30:13","modified_gmt":"2025-07-01T09:30:13","slug":"prugikast-e-prugikonteiner-120l-ummargune-kaaneta","status":"publish","type":"product","link":"https:\/\/farwell.ee\/ru\/product\/prugikast-e-prugikonteiner-120l-ummargune-kaaneta\/","title":{"rendered":"Pr\u00fcgikast e. pr\u00fcgikonteiner 120L \u00fcmmargune kaaneta"},"content":{"rendered":"","protected":false},"excerpt":{"rendered":"","protected":false},"featured_media":24102,"template":"","meta":{"_acf_changed":false,"inline_featured_image":false},"product_brand":[],"product_cat":[160],"product_tag":[],"class_list":{"0":"post-24103","1":"product","2":"type-product","3":"status-publish","4":"has-post-thumbnail","6":"product_cat-prugikonteinerid","7":"pa_kaubamark-probbax","9":"first","10":"outofstock","11":"shipping-taxable","12":"purchasable","13":"product-type-simple"},"acf":[],"_links":{"self":[{"href":"https:\/\/farwell.ee\/ru\/wp-json\/wp\/v2\/product\/24103","targetHints":{"allow":["GET"]}}],"collection":[{"href":"https:\/\/farwell.ee\/ru\/wp-json\/wp\/v2\/product"}],"about":[{"href":"https:\/\/farwell.ee\/ru\/wp-json\/wp\/v2\/types\/product"}],"wp:featuredmedia":[{"embeddable":true,"href":"https:\/\/farwell.ee\/ru\/wp-json\/wp\/v2\/media\/24102"}],"wp:attachment":[{"href":"https:\/\/farwell.ee\/ru\/wp-json\/wp\/v2\/media?parent=24103"}],"wp:term":[{"taxonomy":"product_brand","embeddable":true,"href":"https:\/\/farwell.ee\/ru\/wp-json\/wp\/v2\/product_brand?post=24103"},{"taxonomy":"product_cat","embeddable":true,"href":"https:\/\/farwell.ee\/ru\/wp-json\/wp\/v2\/product_cat?post=24103"},{"taxonomy":"product_tag","embeddable":true,"href":"https:\/\/farwell.ee\/ru\/wp-json\/wp\/v2\/product_tag?post=24103"}],"curies":[{"name":"wp","href":"https:\/\/api.w.org\/{rel}","templated":true}]}}