{"id":24068,"date":"2023-10-10T15:30:04","date_gmt":"2023-10-10T12:30:04","guid":{"rendered":"https:\/\/farwell.ee\/toode\/mahlapress-tsitrusviljadele-230w\/"},"modified":"2025-11-11T13:30:05","modified_gmt":"2025-11-11T11:30:05","slug":"mahlapress-tsitrusviljadele-230w","status":"publish","type":"product","link":"https:\/\/farwell.ee\/ru\/product\/mahlapress-tsitrusviljadele-230w\/","title":{"rendered":"Mahlapress tsitrusviljadele 230W"},"content":{"rendered":"","protected":false},"excerpt":{"rendered":"<p>Tsitrusviljade mahlapress kangiga.<\/p>\n<p>Ideaalne toode kasutamiseks k\u00f5ikjal, kus vajate v\u00e4rskelt pressitud tsitrusemahla: mahlabaarid, tervisetoidupoed, baarid, restoranid, j\u00e4\u00e4tisepoed, kohvikud, haiglad&#8230;<br \/>\nSeade on varustatud suure t\u00f6\u00f6v\u00f5imega ja vaikse as\u00fcnkroonmootoriga.<br \/>\nTarnitakse \u00fche pressiga, nii apelsinide, sidrunite kui ka laimide jaoks.<\/p>\n<p>Lihtne kasutada: automaatne k\u00e4ivitus kangi vajutamisel (spetsiaalne siduris\u00fcsteem).<br \/>\nTila k\u00f5rgus: 135 mm, sobib mahla valmistamiseks klaasidesse.<br \/>\nKeskmine v\u00f5imsus: 30l\/h.<br \/>\nP\u00f6\u00f6rete arv:\u00a0 1500 p\/min (50 Hz) v\u00f5i 1800 rpm (60 Hz).<br \/>\nM\u00fcratase: 65dB.<\/p>\n<p>100% toodetud Prantsusmaal alates 1954. aastast.<\/p>","protected":false},"featured_media":36343,"template":"","meta":{"_acf_changed":false,"inline_featured_image":false},"product_brand":[],"product_cat":[12394],"product_tag":[],"class_list":{"0":"post-24068","1":"product","2":"type-product","3":"status-publish","4":"has-post-thumbnail","6":"product_cat-mahlapressid","7":"pa_kaubamark-santos","9":"first","10":"outofstock","11":"shipping-taxable","12":"purchasable","13":"product-type-simple"},"acf":[],"_links":{"self":[{"href":"https:\/\/farwell.ee\/ru\/wp-json\/wp\/v2\/product\/24068","targetHints":{"allow":["GET"]}}],"collection":[{"href":"https:\/\/farwell.ee\/ru\/wp-json\/wp\/v2\/product"}],"about":[{"href":"https:\/\/farwell.ee\/ru\/wp-json\/wp\/v2\/types\/product"}],"wp:featuredmedia":[{"embeddable":true,"href":"https:\/\/farwell.ee\/ru\/wp-json\/wp\/v2\/media\/36343"}],"wp:attachment":[{"href":"https:\/\/farwell.ee\/ru\/wp-json\/wp\/v2\/media?parent=24068"}],"wp:term":[{"taxonomy":"product_brand","embeddable":true,"href":"https:\/\/farwell.ee\/ru\/wp-json\/wp\/v2\/product_brand?post=24068"},{"taxonomy":"product_cat","embeddable":true,"href":"https:\/\/farwell.ee\/ru\/wp-json\/wp\/v2\/product_cat?post=24068"},{"taxonomy":"product_tag","embeddable":true,"href":"https:\/\/farwell.ee\/ru\/wp-json\/wp\/v2\/product_tag?post=24068"}],"curies":[{"name":"wp","href":"https:\/\/api.w.org\/{rel}","templated":true}]}}