{"id":24060,"date":"2023-10-10T14:30:04","date_gmt":"2023-10-10T11:30:04","guid":{"rendered":"https:\/\/farwell.ee\/toode\/mahlapress-800w-tsentrifugaalne\/"},"modified":"2025-11-11T13:45:05","modified_gmt":"2025-11-11T11:45:05","slug":"mahlapress-800w-tsentrifugaalne","status":"publish","type":"product","link":"https:\/\/farwell.ee\/ru\/product\/mahlapress-800w-tsentrifugaalne\/","title":{"rendered":"Mahlapress 800W tsentrifugaalne"},"content":{"rendered":"","protected":false},"excerpt":{"rendered":"<p>Vaikne ja v\u00f5imas mahlapress, mida saab kasutada k\u00f5ikjal, kus vajate v\u00e4rskeid puu- ja k\u00f6\u00f6giviljamahlasid: mahlabaarid, tervisetoidupoed, hotellid, baarid, kohvikud, restoranid, haiglad&#8230;<br \/>\nM\u00f5\u00f5tmed: 260 x 470 x 450 mm<br \/>\nElekter: 230\/50\/1\u00a0 \u00a00,8 kW, 1-faasiline<br \/>\nS\u00f5ela p\u00f6\u00f6rlemiskiirus 3000 p\u00f6\u00f6ret minutis.<\/p>\n<p><b>Ekstraktsioon<\/b>\u00a0ehk\u00a0<b>ekstraheerimine<\/b>\u00a0on f\u00fc\u00fcsikalis-keemiline meetod vedelate v\u00f5i tahkete\u00a0ainete eraldamiseks segudest v\u00f5i lahustest.<br \/>\nV\u00f5imaldab ekstraheerida k\u00f5vadest puu-ja k\u00f6\u00f6giviljadest maksimaalse koguse v\u00e4rsket mahla.<br \/>\nV\u00f5imalik kombineerida puu- ja k\u00f6\u00f6givilju koos \u00fcrtidega.<br \/>\nT\u00e4iuslik filtreerimine: suur korv v\u00e4ga peene s\u00f5elaga (0,5 mm).<br \/>\nMaksimaalne mahla ekstraheerimine: suurep\u00e4rane saagikus.<br \/>\nEriti lai s\u00f6\u00f6tmisrenn (79,5 mm): pole vaja \u00f5unu, porgandeid, tomateid l\u00f5igata&#8230;<br \/>\nVaikne: ideaalne mahla valmistamiseks kliendi silme all.<br \/>\nOhutus: elektrikatkestus ja mootoripidurdus peatavad korvi k\u00e4epideme avamisel.<br \/>\nEksklusiivne Ezy-clean\u2122 s\u00fcsteem: eemaldatav kauss, korv ja kate (t\u00f6\u00f6riista pole vaja).<br \/>\nTila k\u00f5rgus: 200 mm, mahla valmistamiseks klaasidesse, kannudesse ja blenderitesse.<br \/>\nKeskmine tootlikkus: 100 l\/h.<br \/>\nHapetele vastupidav roostevabast terasest korpus, mahlakonteiner ja riivtera.<br \/>\nEi sobi j\u00e4\u00e4 peenestamiseks ja k\u00fclmutatud puuviljade \/ k\u00f6\u00f6giviljade p\u00fcreestamiseks!<br \/>\nEnergias\u00e4\u00e4stlik ja t\u00f5hus profiseade.<br \/>\nGarantii 1 aasta.<br \/>\nP\u00e4ritolumaa: Prantsusmaa<\/p>","protected":false},"featured_media":36402,"template":"","meta":{"_acf_changed":false,"inline_featured_image":false},"product_brand":[],"product_cat":[12394],"product_tag":[],"class_list":{"0":"post-24060","1":"product","2":"type-product","3":"status-publish","4":"has-post-thumbnail","6":"product_cat-mahlapressid","7":"pa_kaubamark-santos","9":"first","10":"outofstock","11":"shipping-taxable","12":"purchasable","13":"product-type-simple"},"acf":[],"_links":{"self":[{"href":"https:\/\/farwell.ee\/ru\/wp-json\/wp\/v2\/product\/24060","targetHints":{"allow":["GET"]}}],"collection":[{"href":"https:\/\/farwell.ee\/ru\/wp-json\/wp\/v2\/product"}],"about":[{"href":"https:\/\/farwell.ee\/ru\/wp-json\/wp\/v2\/types\/product"}],"wp:featuredmedia":[{"embeddable":true,"href":"https:\/\/farwell.ee\/ru\/wp-json\/wp\/v2\/media\/36402"}],"wp:attachment":[{"href":"https:\/\/farwell.ee\/ru\/wp-json\/wp\/v2\/media?parent=24060"}],"wp:term":[{"taxonomy":"product_brand","embeddable":true,"href":"https:\/\/farwell.ee\/ru\/wp-json\/wp\/v2\/product_brand?post=24060"},{"taxonomy":"product_cat","embeddable":true,"href":"https:\/\/farwell.ee\/ru\/wp-json\/wp\/v2\/product_cat?post=24060"},{"taxonomy":"product_tag","embeddable":true,"href":"https:\/\/farwell.ee\/ru\/wp-json\/wp\/v2\/product_tag?post=24060"}],"curies":[{"name":"wp","href":"https:\/\/api.w.org\/{rel}","templated":true}]}}