{"id":24018,"date":"2023-10-09T11:30:04","date_gmt":"2023-10-09T08:30:04","guid":{"rendered":"https:\/\/farwell.ee\/toode\/salati-tsentrifuug-e-salatikuivataja-12l\/"},"modified":"2026-04-17T16:15:07","modified_gmt":"2026-04-17T13:15:07","slug":"salati-tsentrifuug-e-salatikuivataja-12l","status":"publish","type":"product","link":"https:\/\/farwell.ee\/ru\/product\/salati-tsentrifuug-e-salatikuivataja-12l\/","title":{"rendered":"Salati tsentrifuug e. salatikuivataja 12L"},"content":{"rendered":"","protected":false},"excerpt":{"rendered":"<p>Ideaalne abivahend suure koguse salati ja puuviljade kuivatamiseks.<br \/>\nEemaldatav siseosa.<br \/>\nV\u00e4ndaga k\u00e4epide.<br \/>\nL\u00e4bim\u00f5\u00f5t 33,5cm ja k\u00f5rgus 43cm.<\/p>","protected":false},"featured_media":24016,"template":"","meta":{"_acf_changed":false,"inline_featured_image":false},"product_brand":[],"product_cat":[174],"product_tag":[],"class_list":{"0":"post-24018","1":"product","2":"type-product","3":"status-publish","4":"has-post-thumbnail","6":"product_cat-soelad-ja-salatikuivatajad","7":"pa_kaubamark-hendi","9":"first","10":"instock","11":"shipping-taxable","12":"purchasable","13":"product-type-simple"},"acf":[],"_links":{"self":[{"href":"https:\/\/farwell.ee\/ru\/wp-json\/wp\/v2\/product\/24018","targetHints":{"allow":["GET"]}}],"collection":[{"href":"https:\/\/farwell.ee\/ru\/wp-json\/wp\/v2\/product"}],"about":[{"href":"https:\/\/farwell.ee\/ru\/wp-json\/wp\/v2\/types\/product"}],"wp:featuredmedia":[{"embeddable":true,"href":"https:\/\/farwell.ee\/ru\/wp-json\/wp\/v2\/media\/24016"}],"wp:attachment":[{"href":"https:\/\/farwell.ee\/ru\/wp-json\/wp\/v2\/media?parent=24018"}],"wp:term":[{"taxonomy":"product_brand","embeddable":true,"href":"https:\/\/farwell.ee\/ru\/wp-json\/wp\/v2\/product_brand?post=24018"},{"taxonomy":"product_cat","embeddable":true,"href":"https:\/\/farwell.ee\/ru\/wp-json\/wp\/v2\/product_cat?post=24018"},{"taxonomy":"product_tag","embeddable":true,"href":"https:\/\/farwell.ee\/ru\/wp-json\/wp\/v2\/product_tag?post=24018"}],"curies":[{"name":"wp","href":"https:\/\/api.w.org\/{rel}","templated":true}]}}