{"id":24006,"date":"2023-10-09T11:00:05","date_gmt":"2023-10-09T08:00:05","guid":{"rendered":"https:\/\/farwell.ee\/toode\/amber-10l-kaaneta-mootskaalaga\/"},"modified":"2026-01-09T10:45:06","modified_gmt":"2026-01-09T08:45:06","slug":"amber-10l-kaaneta-mootskaalaga","status":"publish","type":"product","link":"https:\/\/farwell.ee\/ru\/product\/amber-10l-kaaneta-mootskaalaga\/","title":{"rendered":"\u00c4mber 10L kaaneta, m\u00f5\u00f5tskaalaga"},"content":{"rendered":"","protected":false},"excerpt":{"rendered":"<p>Roostevabast terasest kaaneta \u00e4mber m\u00f5\u00f5tskaalaga.<br \/>\nTugevdatud p\u00f5hi.<br \/>\nM\u00f5\u00f5dud: l\u00e4bim\u00f5\u00f5t 28cm, k\u00f5rgus 26,5cm.<br \/>\nSobilik kaas koodiga 516690.<br \/>\nMasinpestav.<\/p>","protected":false},"featured_media":24004,"template":"","meta":{"_acf_changed":false,"inline_featured_image":false},"product_brand":[],"product_cat":[150],"product_tag":[],"class_list":{"0":"post-24006","1":"product","2":"type-product","3":"status-publish","4":"has-post-thumbnail","6":"product_cat-moodukannud-lehtrid-ja-ambrid","7":"pa_kaubamark-hendi","9":"first","10":"outofstock","11":"shipping-taxable","12":"purchasable","13":"product-type-simple"},"acf":[],"_links":{"self":[{"href":"https:\/\/farwell.ee\/ru\/wp-json\/wp\/v2\/product\/24006","targetHints":{"allow":["GET"]}}],"collection":[{"href":"https:\/\/farwell.ee\/ru\/wp-json\/wp\/v2\/product"}],"about":[{"href":"https:\/\/farwell.ee\/ru\/wp-json\/wp\/v2\/types\/product"}],"wp:featuredmedia":[{"embeddable":true,"href":"https:\/\/farwell.ee\/ru\/wp-json\/wp\/v2\/media\/24004"}],"wp:attachment":[{"href":"https:\/\/farwell.ee\/ru\/wp-json\/wp\/v2\/media?parent=24006"}],"wp:term":[{"taxonomy":"product_brand","embeddable":true,"href":"https:\/\/farwell.ee\/ru\/wp-json\/wp\/v2\/product_brand?post=24006"},{"taxonomy":"product_cat","embeddable":true,"href":"https:\/\/farwell.ee\/ru\/wp-json\/wp\/v2\/product_cat?post=24006"},{"taxonomy":"product_tag","embeddable":true,"href":"https:\/\/farwell.ee\/ru\/wp-json\/wp\/v2\/product_tag?post=24006"}],"curies":[{"name":"wp","href":"https:\/\/api.w.org\/{rel}","templated":true}]}}