{"id":23975,"date":"2023-10-09T00:22:35","date_gmt":"2023-10-08T21:22:35","guid":{"rendered":"https:\/\/farwell.ee\/?post_type=product&#038;p=23975"},"modified":"2023-10-09T00:22:35","modified_gmt":"2023-10-08T21:22:35","slug":"vee-korduvkasutussusteem-ercotank-xl","status":"publish","type":"product","link":"https:\/\/farwell.ee\/ru\/product\/vee-korduvkasutussusteem-ercotank-xl\/","title":{"rendered":"Vee korduvkasutuss\u00fcsteem ERCOTANK XL"},"content":{"rendered":"","protected":false},"excerpt":{"rendered":"<p>https:\/\/www.youtube.com\/watch?v=58-PqYH3eeg&amp;t=41s<\/p>\n<p><strong>Omadused ja eelised<\/strong><\/p>\n<p>ECOTANK pesumasina vee korduvkasutus s\u00fcsteemiga on v\u00f5imalik s\u00e4\u00e4sta ja korduv kasutada kuni<br \/>\n70% pesemises kasutatavast veest. Lisaks v\u00f5idate ja s\u00e4\u00e4state pesuaine kulus.<\/p>\n<ul>\n<li>Lihtne \u00fchendada pesumasinatega<\/li>\n<li>Minimaalne ruumi vajadus<\/li>\n<li>Isepuhastava s\u00fcsteemiga veepaagid koos eelseadistatud programmidega \u00fchendamiseks T2 pesuiasina juht\u00fcsteemiga<\/li>\n<li>Paagid on vajadusel lihtsal eemaldatavad<\/li>\n<li>1,2 v\u00f5i 3 paagimoodulit<\/li>\n<li>V\u00e4lisviimistlus hall metallik katteplaatidega<\/li>\n<li>Paagi sisu vasypidavast pol\u00fcuretaanist<\/li>\n<li>2 veetaseme sensorit igas paagimoodulis<\/li>\n<li>1000L paagimoodul pesumasinatele 11kg \u2013 22kg<\/li>\n<\/ul>","protected":false},"featured_media":23976,"template":"","meta":{"_acf_changed":false,"inline_featured_image":false},"product_brand":[],"product_cat":[4132],"product_tag":[],"class_list":{"0":"post-23975","1":"product","2":"type-product","3":"status-publish","4":"has-post-thumbnail","6":"product_cat-pesuainete-dosaatorid-ja-vee-tootluse-susteemid","8":"first","9":"outofstock","10":"shipping-taxable","11":"product-type-simple"},"acf":[],"_links":{"self":[{"href":"https:\/\/farwell.ee\/ru\/wp-json\/wp\/v2\/product\/23975","targetHints":{"allow":["GET"]}}],"collection":[{"href":"https:\/\/farwell.ee\/ru\/wp-json\/wp\/v2\/product"}],"about":[{"href":"https:\/\/farwell.ee\/ru\/wp-json\/wp\/v2\/types\/product"}],"wp:featuredmedia":[{"embeddable":true,"href":"https:\/\/farwell.ee\/ru\/wp-json\/wp\/v2\/media\/23976"}],"wp:attachment":[{"href":"https:\/\/farwell.ee\/ru\/wp-json\/wp\/v2\/media?parent=23975"}],"wp:term":[{"taxonomy":"product_brand","embeddable":true,"href":"https:\/\/farwell.ee\/ru\/wp-json\/wp\/v2\/product_brand?post=23975"},{"taxonomy":"product_cat","embeddable":true,"href":"https:\/\/farwell.ee\/ru\/wp-json\/wp\/v2\/product_cat?post=23975"},{"taxonomy":"product_tag","embeddable":true,"href":"https:\/\/farwell.ee\/ru\/wp-json\/wp\/v2\/product_tag?post=23975"}],"curies":[{"name":"wp","href":"https:\/\/api.w.org\/{rel}","templated":true}]}}