{"id":23961,"date":"2023-10-06T15:00:03","date_gmt":"2023-10-06T12:00:03","guid":{"rendered":"https:\/\/farwell.ee\/toode\/vorstimassi-segaja-20l-kallutatav-manuaalne\/"},"modified":"2026-01-09T11:00:07","modified_gmt":"2026-01-09T09:00:07","slug":"vorstimassi-segaja-20l-kallutatav-manuaalne","status":"publish","type":"product","link":"https:\/\/farwell.ee\/ru\/product\/vorstimassi-segaja-20l-kallutatav-manuaalne\/","title":{"rendered":"Vorstimassi segaja 20L kallutatav manuaalne"},"content":{"rendered":"","protected":false},"excerpt":{"rendered":"<p>Seade lihatoodete tootmiseks v\u00e4ikestes kogustes.<br \/>\n<span class=\"JLqJ4b ChMk0b\" data-language-for-alternatives=\"et\" data-language-to-translate-into=\"en\" data-phrase-index=\"4\">Valmistatud AISI 304 roostevabast terasest.<br \/>\n<\/span><span class=\"JLqJ4b ChMk0b\" data-language-for-alternatives=\"et\" data-language-to-translate-into=\"en\" data-phrase-index=\"6\">Valualumiiniumist v\u00e4nda k\u00e4epide.<br \/>\n<\/span><span class=\"JLqJ4b ChMk0b\" data-language-for-alternatives=\"et\" data-language-to-translate-into=\"en\" data-phrase-index=\"8\">Kallutatava k\u00fcnaga lihamikser.<\/span><span class=\"JLqJ4b\" data-language-for-alternatives=\"et\" data-language-to-translate-into=\"en\" data-phrase-index=\"9\"><br \/>\n<\/span><span class=\"JLqJ4b ChMk0b\" data-language-for-alternatives=\"et\" data-language-to-translate-into=\"en\" data-phrase-index=\"10\">Kahekordne kaitse k\u00fcna juhusliku nihkumise eest.<br \/>\n<\/span><span class=\"JLqJ4b ChMk0b\" data-language-for-alternatives=\"et\" data-language-to-translate-into=\"en\" data-phrase-index=\"12\">Manuaalne ajam eemaldatava v\u00e4nda k\u00e4epidemega<br \/>\n<\/span><span class=\"JLqJ4b ChMk0b\" data-language-for-alternatives=\"et\" data-language-to-translate-into=\"en\" data-phrase-index=\"14\">V\u00e4nda p\u00f6\u00f6rete arv v\u00f5rdub k\u00fcna segajate p\u00f6\u00f6rete arvuga.<\/span><span class=\"JLqJ4b\" data-language-for-alternatives=\"et\" data-language-to-translate-into=\"en\" data-phrase-index=\"15\"><br \/>\n<\/span><span class=\"JLqJ4b ChMk0b\" data-language-for-alternatives=\"et\" data-language-to-translate-into=\"en\" data-phrase-index=\"20\">K\u00fcna ja segaja saab lahti v\u00f5tta.<br \/>\nK\u00fcnasse mahub 11 kg lihamassi.<br \/>\n<\/span>Kaal 9,5kg.<br \/>\nM\u00f5\u00f5dud: 285 x 550 x 385mm.<\/p>","protected":false},"featured_media":31074,"template":"","meta":{"_acf_changed":false,"inline_featured_image":false},"product_brand":[],"product_cat":[5776],"product_tag":[],"class_list":{"0":"post-23961","1":"product","2":"type-product","3":"status-publish","4":"has-post-thumbnail","6":"product_cat-muud-vaikeseadmed","7":"pa_kaubamark-hendi","9":"first","10":"outofstock","11":"shipping-taxable","12":"purchasable","13":"product-type-simple"},"acf":[],"_links":{"self":[{"href":"https:\/\/farwell.ee\/ru\/wp-json\/wp\/v2\/product\/23961","targetHints":{"allow":["GET"]}}],"collection":[{"href":"https:\/\/farwell.ee\/ru\/wp-json\/wp\/v2\/product"}],"about":[{"href":"https:\/\/farwell.ee\/ru\/wp-json\/wp\/v2\/types\/product"}],"wp:featuredmedia":[{"embeddable":true,"href":"https:\/\/farwell.ee\/ru\/wp-json\/wp\/v2\/media\/31074"}],"wp:attachment":[{"href":"https:\/\/farwell.ee\/ru\/wp-json\/wp\/v2\/media?parent=23961"}],"wp:term":[{"taxonomy":"product_brand","embeddable":true,"href":"https:\/\/farwell.ee\/ru\/wp-json\/wp\/v2\/product_brand?post=23961"},{"taxonomy":"product_cat","embeddable":true,"href":"https:\/\/farwell.ee\/ru\/wp-json\/wp\/v2\/product_cat?post=23961"},{"taxonomy":"product_tag","embeddable":true,"href":"https:\/\/farwell.ee\/ru\/wp-json\/wp\/v2\/product_tag?post=23961"}],"curies":[{"name":"wp","href":"https:\/\/api.w.org\/{rel}","templated":true}]}}