{"id":23950,"date":"2023-10-06T14:30:06","date_gmt":"2023-10-06T11:30:06","guid":{"rendered":"https:\/\/farwell.ee\/toode\/taldrikute-karu-4-reguleeritava-sektsiooniga\/"},"modified":"2026-01-16T12:30:07","modified_gmt":"2026-01-16T10:30:07","slug":"taldrikute-karu-4-reguleeritava-sektsiooniga","status":"publish","type":"product","link":"https:\/\/farwell.ee\/ru\/product\/taldrikute-karu-4-reguleeritava-sektsiooniga\/","title":{"rendered":"Taldrikute k\u00e4ru 4-reguleeritava sektsiooniga"},"content":{"rendered":"","protected":false},"excerpt":{"rendered":"<p>Kompaktne k\u00e4ru taldrikute transportimiseks ja ladustamiseks.<br \/>\nValmistatud monoliitsest pol\u00fceteenist.<br \/>\nM\u00f5\u00f5dud 686 x 686 x 807mm<br \/>\n\u00dcmardatud sise- ja v\u00e4lisnurgad<br \/>\n4-5 sektsiooni taldrikutele, mille l\u00e4bim\u00f5\u00f5dud on vahemikus 22,9 cm &#8211; 30,5 cm<br \/>\nTaldrikute kogus igas virnas: kuni 70<br \/>\nRattad l\u00e4bim\u00f5\u00f5duga 12,7 cm<br \/>\nK\u00f5ik rattad on piduritega.<br \/>\nKandev\u00f5ime 227 kg<br \/>\nK\u00e4ruga kaasas vin\u00fc\u00fclkate, mis kaitseb n\u00f5usid tolmu ja mustuse eest.<\/p>","protected":false},"featured_media":23945,"template":"","meta":{"_acf_changed":false,"inline_featured_image":false},"product_brand":[],"product_cat":[6371],"product_tag":[],"class_list":{"0":"post-23950","1":"product","2":"type-product","3":"status-publish","4":"has-post-thumbnail","6":"product_cat-koogikarud-ja-togid","7":"pa_kaubamark-cambro","9":"first","10":"outofstock","11":"shipping-taxable","12":"purchasable","13":"product-type-simple"},"acf":[],"_links":{"self":[{"href":"https:\/\/farwell.ee\/ru\/wp-json\/wp\/v2\/product\/23950","targetHints":{"allow":["GET"]}}],"collection":[{"href":"https:\/\/farwell.ee\/ru\/wp-json\/wp\/v2\/product"}],"about":[{"href":"https:\/\/farwell.ee\/ru\/wp-json\/wp\/v2\/types\/product"}],"wp:featuredmedia":[{"embeddable":true,"href":"https:\/\/farwell.ee\/ru\/wp-json\/wp\/v2\/media\/23945"}],"wp:attachment":[{"href":"https:\/\/farwell.ee\/ru\/wp-json\/wp\/v2\/media?parent=23950"}],"wp:term":[{"taxonomy":"product_brand","embeddable":true,"href":"https:\/\/farwell.ee\/ru\/wp-json\/wp\/v2\/product_brand?post=23950"},{"taxonomy":"product_cat","embeddable":true,"href":"https:\/\/farwell.ee\/ru\/wp-json\/wp\/v2\/product_cat?post=23950"},{"taxonomy":"product_tag","embeddable":true,"href":"https:\/\/farwell.ee\/ru\/wp-json\/wp\/v2\/product_tag?post=23950"}],"curies":[{"name":"wp","href":"https:\/\/api.w.org\/{rel}","templated":true}]}}