{"id":23940,"date":"2023-10-06T14:00:03","date_gmt":"2023-10-06T11:00:03","guid":{"rendered":"https:\/\/farwell.ee\/toode\/gn-kandik-1-1-35-cambro-2\/"},"modified":"2026-01-16T12:15:06","modified_gmt":"2026-01-16T10:15:06","slug":"gn-kandik-1-1-35-cambro-2","status":"publish","type":"product","link":"https:\/\/farwell.ee\/ru\/product\/gn-kandik-1-1-35-cambro-2\/","title":{"rendered":"Kandik GN 1\/1 35mm pol\u00fckarbonaadist"},"content":{"rendered":"","protected":false},"excerpt":{"rendered":"<p>Pol\u00fckarbonaadist ehk raskestipurunevast plastikust l\u00e4bipaistev Gn-kandik.<br \/>\nSobib toodete serveerimiseks koos erinevate GN 1\/1 m\u00f5\u00f5dus kuppelkaantega.<br \/>\nPikkus 53cm, laius 32,5cm, k\u00f5rgus 3,5cm.<br \/>\nMax. temperatuuritaluvus -40\u00b0C kuni +99\u00b0C.<\/p>","protected":false},"featured_media":23939,"template":"","meta":{"_acf_changed":false,"inline_featured_image":false},"product_brand":[],"product_cat":[127],"product_tag":[10228],"class_list":{"0":"post-23940","1":"product","2":"type-product","3":"status-publish","4":"has-post-thumbnail","6":"product_cat-kandikud","7":"product_tag-serveerimisalus","8":"pa_kaubamark-cambro","10":"first","11":"outofstock","12":"shipping-taxable","13":"purchasable","14":"product-type-simple"},"acf":[],"_links":{"self":[{"href":"https:\/\/farwell.ee\/ru\/wp-json\/wp\/v2\/product\/23940","targetHints":{"allow":["GET"]}}],"collection":[{"href":"https:\/\/farwell.ee\/ru\/wp-json\/wp\/v2\/product"}],"about":[{"href":"https:\/\/farwell.ee\/ru\/wp-json\/wp\/v2\/types\/product"}],"wp:featuredmedia":[{"embeddable":true,"href":"https:\/\/farwell.ee\/ru\/wp-json\/wp\/v2\/media\/23939"}],"wp:attachment":[{"href":"https:\/\/farwell.ee\/ru\/wp-json\/wp\/v2\/media?parent=23940"}],"wp:term":[{"taxonomy":"product_brand","embeddable":true,"href":"https:\/\/farwell.ee\/ru\/wp-json\/wp\/v2\/product_brand?post=23940"},{"taxonomy":"product_cat","embeddable":true,"href":"https:\/\/farwell.ee\/ru\/wp-json\/wp\/v2\/product_cat?post=23940"},{"taxonomy":"product_tag","embeddable":true,"href":"https:\/\/farwell.ee\/ru\/wp-json\/wp\/v2\/product_tag?post=23940"}],"curies":[{"name":"wp","href":"https:\/\/api.w.org\/{rel}","templated":true}]}}