{"id":23611,"date":"2023-09-25T14:15:05","date_gmt":"2023-09-25T11:15:05","guid":{"rendered":"https:\/\/farwell.ee\/toode\/leivakorv-40cm-terasraamiga\/"},"modified":"2026-02-17T16:30:05","modified_gmt":"2026-02-17T14:30:05","slug":"leivakorv-40cm-terasraamiga","status":"publish","type":"product","link":"https:\/\/farwell.ee\/ru\/product\/leivakorv-40cm-terasraamiga\/","title":{"rendered":"Leivakorv 40cm terasraamiga"},"content":{"rendered":"","protected":false},"excerpt":{"rendered":"<p>Pol\u00fcprop\u00fcleenn\u00f6\u00f6rist punutud leiva- v\u00f5i puuviljakorv, ladustatav ja masinpestav.<br \/>\n\u00dcleval servas terasraam rullkaane kinnitamiseks.<br \/>\nL\u00e4bim\u00f5\u00f5t 40cm, k\u00f5rgus 12,5cm.<br \/>\nSobilik rullkaas koodiga 18388.<\/p>","protected":false},"featured_media":23610,"template":"","meta":{"_acf_changed":false,"inline_featured_image":false},"product_brand":[],"product_cat":[137],"product_tag":[],"class_list":{"0":"post-23611","1":"product","2":"type-product","3":"status-publish","4":"has-post-thumbnail","6":"product_cat-korvid-ja-kastid","7":"pa_kaubamark-aps","9":"first","10":"outofstock","11":"shipping-taxable","12":"purchasable","13":"product-type-simple"},"acf":[],"_links":{"self":[{"href":"https:\/\/farwell.ee\/ru\/wp-json\/wp\/v2\/product\/23611","targetHints":{"allow":["GET"]}}],"collection":[{"href":"https:\/\/farwell.ee\/ru\/wp-json\/wp\/v2\/product"}],"about":[{"href":"https:\/\/farwell.ee\/ru\/wp-json\/wp\/v2\/types\/product"}],"wp:featuredmedia":[{"embeddable":true,"href":"https:\/\/farwell.ee\/ru\/wp-json\/wp\/v2\/media\/23610"}],"wp:attachment":[{"href":"https:\/\/farwell.ee\/ru\/wp-json\/wp\/v2\/media?parent=23611"}],"wp:term":[{"taxonomy":"product_brand","embeddable":true,"href":"https:\/\/farwell.ee\/ru\/wp-json\/wp\/v2\/product_brand?post=23611"},{"taxonomy":"product_cat","embeddable":true,"href":"https:\/\/farwell.ee\/ru\/wp-json\/wp\/v2\/product_cat?post=23611"},{"taxonomy":"product_tag","embeddable":true,"href":"https:\/\/farwell.ee\/ru\/wp-json\/wp\/v2\/product_tag?post=23611"}],"curies":[{"name":"wp","href":"https:\/\/api.w.org\/{rel}","templated":true}]}}