{"id":23535,"date":"2023-09-21T14:45:04","date_gmt":"2023-09-21T11:45:04","guid":{"rendered":"https:\/\/farwell.ee\/toode\/jaanou-5l-topeltseinaga-ja-kahe-kaepidemega\/"},"modified":"2026-01-09T10:45:12","modified_gmt":"2026-01-09T08:45:12","slug":"jaanou-5l-topeltseinaga-ja-kahe-kaepidemega","status":"publish","type":"product","link":"https:\/\/farwell.ee\/ru\/product\/jaanou-5l-topeltseinaga-ja-kahe-kaepidemega\/","title":{"rendered":"J\u00e4\u00e4n\u00f5u 5L topeltseinaga ja kahe k\u00e4epidemega"},"content":{"rendered":"","protected":false},"excerpt":{"rendered":"<p>N\u00f5udepesumasinas pestav<\/p>","protected":false},"featured_media":26219,"template":"","meta":{"_acf_changed":false,"inline_featured_image":false},"product_brand":[],"product_cat":[126],"product_tag":[],"class_list":{"0":"post-23535","1":"product","2":"type-product","3":"status-publish","4":"has-post-thumbnail","6":"product_cat-jaanoud","7":"pa_kaubamark-hendi","9":"first","10":"outofstock","11":"shipping-taxable","12":"purchasable","13":"product-type-simple"},"acf":[],"_links":{"self":[{"href":"https:\/\/farwell.ee\/ru\/wp-json\/wp\/v2\/product\/23535","targetHints":{"allow":["GET"]}}],"collection":[{"href":"https:\/\/farwell.ee\/ru\/wp-json\/wp\/v2\/product"}],"about":[{"href":"https:\/\/farwell.ee\/ru\/wp-json\/wp\/v2\/types\/product"}],"wp:featuredmedia":[{"embeddable":true,"href":"https:\/\/farwell.ee\/ru\/wp-json\/wp\/v2\/media\/26219"}],"wp:attachment":[{"href":"https:\/\/farwell.ee\/ru\/wp-json\/wp\/v2\/media?parent=23535"}],"wp:term":[{"taxonomy":"product_brand","embeddable":true,"href":"https:\/\/farwell.ee\/ru\/wp-json\/wp\/v2\/product_brand?post=23535"},{"taxonomy":"product_cat","embeddable":true,"href":"https:\/\/farwell.ee\/ru\/wp-json\/wp\/v2\/product_cat?post=23535"},{"taxonomy":"product_tag","embeddable":true,"href":"https:\/\/farwell.ee\/ru\/wp-json\/wp\/v2\/product_tag?post=23535"}],"curies":[{"name":"wp","href":"https:\/\/api.w.org\/{rel}","templated":true}]}}