{"id":23362,"date":"2023-09-13T11:15:04","date_gmt":"2023-09-13T08:15:04","guid":{"rendered":"https:\/\/farwell.ee\/toode\/kokteililisandite-karp-e-bar-caddy-5-nouga\/"},"modified":"2026-03-17T14:15:11","modified_gmt":"2026-03-17T12:15:11","slug":"kokteililisandite-karp-e-bar-caddy-5-nouga","status":"publish","type":"product","link":"https:\/\/farwell.ee\/ru\/product\/kokteililisandite-karp-e-bar-caddy-5-nouga\/","title":{"rendered":"Kokteililisandite karp e. Bar Caddy 5-n\u00f5uga"},"content":{"rendered":"","protected":false},"excerpt":{"rendered":"<p>T\u00fckeldatud tsitrusviljade, kokteilikirsside ja muude v\u00e4ikeste kokteililisandite s\u00e4ilitamiseks.<br \/>\nRoostevabast terasest korpus.<br \/>\nL\u00e4bipaistev kaas.<\/p>","protected":false},"featured_media":28585,"template":"","meta":{"_acf_changed":false,"inline_featured_image":false},"product_brand":[],"product_cat":[7528],"product_tag":[11752],"class_list":{"0":"post-23362","1":"product","2":"type-product","3":"status-publish","4":"has-post-thumbnail","6":"product_cat-muud-tarvikud","7":"product_tag-bar-caddy","8":"pa_kaubamark-utopia","10":"first","11":"outofstock","12":"shipping-taxable","13":"purchasable","14":"product-type-simple"},"acf":[],"_links":{"self":[{"href":"https:\/\/farwell.ee\/ru\/wp-json\/wp\/v2\/product\/23362","targetHints":{"allow":["GET"]}}],"collection":[{"href":"https:\/\/farwell.ee\/ru\/wp-json\/wp\/v2\/product"}],"about":[{"href":"https:\/\/farwell.ee\/ru\/wp-json\/wp\/v2\/types\/product"}],"wp:featuredmedia":[{"embeddable":true,"href":"https:\/\/farwell.ee\/ru\/wp-json\/wp\/v2\/media\/28585"}],"wp:attachment":[{"href":"https:\/\/farwell.ee\/ru\/wp-json\/wp\/v2\/media?parent=23362"}],"wp:term":[{"taxonomy":"product_brand","embeddable":true,"href":"https:\/\/farwell.ee\/ru\/wp-json\/wp\/v2\/product_brand?post=23362"},{"taxonomy":"product_cat","embeddable":true,"href":"https:\/\/farwell.ee\/ru\/wp-json\/wp\/v2\/product_cat?post=23362"},{"taxonomy":"product_tag","embeddable":true,"href":"https:\/\/farwell.ee\/ru\/wp-json\/wp\/v2\/product_tag?post=23362"}],"curies":[{"name":"wp","href":"https:\/\/api.w.org\/{rel}","templated":true}]}}