{"id":23283,"date":"2023-09-06T15:15:04","date_gmt":"2023-09-06T12:15:04","guid":{"rendered":"https:\/\/farwell.ee\/toode\/ratastega-alus-gn-1-1-termokastidele-gobox-cambro\/"},"modified":"2026-03-16T14:15:04","modified_gmt":"2026-03-16T12:15:04","slug":"ratastega-alus-gn-1-1-termokastidele-gobox-cambro","status":"publish","type":"product","link":"https:\/\/farwell.ee\/ru\/product\/ratastega-alus-gn-1-1-termokastidele-gobox-cambro\/","title":{"rendered":"Ratastega alus GN 1\/1 termokastidele GoBox Cambro"},"content":{"rendered":"","protected":false},"excerpt":{"rendered":"<p>Sobib aluseks k\u00f5ikidele Cambro GN 1\/1 m\u00f5\u00f5dus GoBox termokastidele ja -kappidele.<br \/>\n4 p\u00f6\u00f6ravat ratast, millest 2 on piduriga.<br \/>\nV\u00e4lism\u00f5\u00f5dud: 69,2&#215;42,6&#215;16,7cm.<br \/>\nSisem\u00f5\u00f5dud: 61,8x41cm.<br \/>\nKandev\u00f5ime 250kg<br \/>\nKaal 4,5kg<\/p>","protected":false},"featured_media":38646,"template":"","meta":{"_acf_changed":false,"inline_featured_image":false},"product_brand":[],"product_cat":[5554],"product_tag":[],"class_list":{"0":"post-23283","1":"product","2":"type-product","3":"status-publish","4":"has-post-thumbnail","6":"product_cat-termokastid-ja-termokapid","7":"pa_kaubamark-cambro","9":"first","10":"outofstock","11":"shipping-taxable","12":"purchasable","13":"product-type-simple"},"acf":[],"_links":{"self":[{"href":"https:\/\/farwell.ee\/ru\/wp-json\/wp\/v2\/product\/23283","targetHints":{"allow":["GET"]}}],"collection":[{"href":"https:\/\/farwell.ee\/ru\/wp-json\/wp\/v2\/product"}],"about":[{"href":"https:\/\/farwell.ee\/ru\/wp-json\/wp\/v2\/types\/product"}],"wp:featuredmedia":[{"embeddable":true,"href":"https:\/\/farwell.ee\/ru\/wp-json\/wp\/v2\/media\/38646"}],"wp:attachment":[{"href":"https:\/\/farwell.ee\/ru\/wp-json\/wp\/v2\/media?parent=23283"}],"wp:term":[{"taxonomy":"product_brand","embeddable":true,"href":"https:\/\/farwell.ee\/ru\/wp-json\/wp\/v2\/product_brand?post=23283"},{"taxonomy":"product_cat","embeddable":true,"href":"https:\/\/farwell.ee\/ru\/wp-json\/wp\/v2\/product_cat?post=23283"},{"taxonomy":"product_tag","embeddable":true,"href":"https:\/\/farwell.ee\/ru\/wp-json\/wp\/v2\/product_tag?post=23283"}],"curies":[{"name":"wp","href":"https:\/\/api.w.org\/{rel}","templated":true}]}}