{"id":23261,"date":"2023-09-06T10:00:04","date_gmt":"2023-09-06T07:00:04","guid":{"rendered":"https:\/\/farwell.ee\/toode\/tasanduskivi-vesiluisule-karedus-220dmi-naniwa\/"},"modified":"2025-07-01T13:30:09","modified_gmt":"2025-07-01T10:30:09","slug":"tasanduskivi-vesiluisule-karedus-220dmi-naniwa","status":"publish","type":"product","link":"https:\/\/farwell.ee\/ru\/product\/tasanduskivi-vesiluisule-karedus-220dmi-naniwa\/","title":{"rendered":"Tasanduskivi vesiluisule, karedus 220dmi Naniwa"},"content":{"rendered":"","protected":false},"excerpt":{"rendered":"<p>Jaapani tootja Naniwa tasanduskivi, mille karedus on 220dmi.<br \/>\nTasanduskivi abil lihvid terituskivi pinna tasaseks.<br \/>\nM\u00f5\u00f5dud on 300x150x20mm.<\/p>\n<p>Kasutusjuhend: kui vesiluisu pind on kulunud eba\u00fchtlaselt (keskele on tekkinud lohk v\u00f5i m\u00f5ni serv on kulunud madalamaks), siis peab seda tasandama.<br \/>\nLeota tasandatavat vesikivi u. 10-15 minutit vees enne selle tasandamist, oota kuni kivi pinnalt ei eraldu enam \u00f5humulle.<br \/>\nSeej\u00e4rel lihvi tasanduskivi peal vesikivi pind tasaseks.<br \/>\n\u00c4ra pilla kivi maha, see v\u00f5ib katki minna.<\/p>","protected":false},"featured_media":23260,"template":"","meta":{"_acf_changed":false,"inline_featured_image":false},"product_brand":[],"product_cat":[140],"product_tag":[],"class_list":{"0":"post-23261","1":"product","2":"type-product","3":"status-publish","4":"has-post-thumbnail","6":"product_cat-kooginoad","7":"pa_kaubamark-naniwa","9":"first","10":"instock","11":"shipping-taxable","12":"purchasable","13":"product-type-simple"},"acf":[],"_links":{"self":[{"href":"https:\/\/farwell.ee\/ru\/wp-json\/wp\/v2\/product\/23261","targetHints":{"allow":["GET"]}}],"collection":[{"href":"https:\/\/farwell.ee\/ru\/wp-json\/wp\/v2\/product"}],"about":[{"href":"https:\/\/farwell.ee\/ru\/wp-json\/wp\/v2\/types\/product"}],"wp:featuredmedia":[{"embeddable":true,"href":"https:\/\/farwell.ee\/ru\/wp-json\/wp\/v2\/media\/23260"}],"wp:attachment":[{"href":"https:\/\/farwell.ee\/ru\/wp-json\/wp\/v2\/media?parent=23261"}],"wp:term":[{"taxonomy":"product_brand","embeddable":true,"href":"https:\/\/farwell.ee\/ru\/wp-json\/wp\/v2\/product_brand?post=23261"},{"taxonomy":"product_cat","embeddable":true,"href":"https:\/\/farwell.ee\/ru\/wp-json\/wp\/v2\/product_cat?post=23261"},{"taxonomy":"product_tag","embeddable":true,"href":"https:\/\/farwell.ee\/ru\/wp-json\/wp\/v2\/product_tag?post=23261"}],"curies":[{"name":"wp","href":"https:\/\/api.w.org\/{rel}","templated":true}]}}