{"id":23189,"date":"2023-08-30T11:45:03","date_gmt":"2023-08-30T08:45:03","guid":{"rendered":"https:\/\/farwell.ee\/toode\/sabraaz-e-shampusepudeli-mook-puidust-alusel\/"},"modified":"2025-07-31T18:45:08","modified_gmt":"2025-07-31T15:45:08","slug":"sabraaz-e-shampusepudeli-mook-puidust-alusel","status":"publish","type":"product","link":"https:\/\/farwell.ee\/ru\/product\/sabraaz-e-shampusepudeli-mook-puidust-alusel\/","title":{"rendered":"Sabraaz e. shampusepudeli m\u00f5\u00f5k puidust alusel"},"content":{"rendered":"","protected":false},"excerpt":{"rendered":"<p>Prantsuse p\u00e4ritoluga Claude Dozorme\u2019i valmistatud \u0161ampanjam\u00f5\u00f5gal on plastikust must k\u00e4epide ja eelnevalt n\u00fcristatud tera, nii et avamine on turvaline ja stiilne.<br \/>\nM\u00f5\u00f5k on pakendatud pappkarpi ning kaasas on ka tammepuidust alus m\u00f5\u00f5ga jaoks. M\u00f5\u00f5ga juurde kuuluvad ka eemaldatavad punased tutid.<\/p>\n<p>M\u00f5\u00f5gaga avamisel on eriti oluline, et avatav pudel oleks absoluutselt k\u00fclm (2-3 tundi j\u00e4\u00e4s v\u00f5i 5-6 tundi k\u00fclmas k\u00fclmikus).<br \/>\nLisaks avaneb k\u00fclm kvaliteetne vahuvein sujuvamalt ja puhtamalt.<\/p>\n<p>.<\/p>","protected":false},"featured_media":23188,"template":"","meta":{"_acf_changed":false,"inline_featured_image":false},"product_brand":[],"product_cat":[145],"product_tag":[9767,9927],"class_list":{"0":"post-23189","1":"product","2":"type-product","3":"status-publish","4":"has-post-thumbnail","6":"product_cat-lisatarvikud","7":"product_tag-sabrage-mook","8":"product_tag-sampanjamook","9":"pa_kaubamark-claude-dozorme","11":"first","12":"outofstock","13":"shipping-taxable","14":"purchasable","15":"product-type-simple"},"acf":[],"_links":{"self":[{"href":"https:\/\/farwell.ee\/ru\/wp-json\/wp\/v2\/product\/23189","targetHints":{"allow":["GET"]}}],"collection":[{"href":"https:\/\/farwell.ee\/ru\/wp-json\/wp\/v2\/product"}],"about":[{"href":"https:\/\/farwell.ee\/ru\/wp-json\/wp\/v2\/types\/product"}],"wp:featuredmedia":[{"embeddable":true,"href":"https:\/\/farwell.ee\/ru\/wp-json\/wp\/v2\/media\/23188"}],"wp:attachment":[{"href":"https:\/\/farwell.ee\/ru\/wp-json\/wp\/v2\/media?parent=23189"}],"wp:term":[{"taxonomy":"product_brand","embeddable":true,"href":"https:\/\/farwell.ee\/ru\/wp-json\/wp\/v2\/product_brand?post=23189"},{"taxonomy":"product_cat","embeddable":true,"href":"https:\/\/farwell.ee\/ru\/wp-json\/wp\/v2\/product_cat?post=23189"},{"taxonomy":"product_tag","embeddable":true,"href":"https:\/\/farwell.ee\/ru\/wp-json\/wp\/v2\/product_tag?post=23189"}],"curies":[{"name":"wp","href":"https:\/\/api.w.org\/{rel}","templated":true}]}}