{"id":23063,"date":"2023-08-25T12:00:04","date_gmt":"2023-08-25T09:00:04","guid":{"rendered":"https:\/\/farwell.ee\/toode\/termokaru-2-sektsiooniga-eestlaetav-neutraalne-mahutab-12xgn-1-1-65\/"},"modified":"2026-03-03T13:00:03","modified_gmt":"2026-03-03T11:00:03","slug":"termokaru-2-sektsiooniga-eestlaetav-neutraalne-mahutab-12xgn-1-1-65","status":"publish","type":"product","link":"https:\/\/farwell.ee\/ru\/product\/termokaru-2-sektsiooniga-eestlaetav-neutraalne-mahutab-12xgn-1-1-65\/","title":{"rendered":"Termok\u00e4ru 2-sektsiooniga, eestlaetav, neutraalne, mahutab 12xGN 1\/1-65"},"content":{"rendered":"","protected":false},"excerpt":{"rendered":"<p>Neutraalne toiduveok\u00e4ru ratastega.<br \/>\nV\u00e4lism\u00f5\u00f5dud 520 x 690 x 1370mm<br \/>\n\u00dche sektsiooni sisem\u00f5\u00f5dud 330 x 545 x 485mm<br \/>\nKorpus monoliitsest pol\u00fcet\u00fcleenist, isoleermaterjal pol\u00fcuretaan.<br \/>\nIntegreeritud k\u00e4epidemed.<br \/>\nLaiad, 230mm nailonist sulgemisklambrid.<br \/>\n\u00dcks avaneb 270\u00b0 ja on lihtne eemaldada puhastamise ajaks.<br \/>\nRattad 15,2cm, millest kaks p\u00f6\u00f6ravat ja \u00fcks piduriga.<br \/>\nSiinide vahe 2,5cm.<br \/>\nMahutavus 12 x GN1\/1-65 v\u00f5i 8 x GN 1\/1-100 v\u00f5i 6 x GN 1\/1-150 v\u00f5i 4 x GN 1\/1-200<br \/>\nV\u00f5imalik tellida erinevat v\u00e4rvi termok\u00e4rusid: n\u00e4iteks pruun, roheline, sinakas-roheline, jne.<\/p>\n<p>Eriti t\u00f5hus termok\u00e4ru: s\u00e4ilitab toidu kuumana v\u00f5i k\u00fclmana ilma elektrita isegi 4 tundi.<br \/>\nVastupidav korpus: ei murdu, roosteta, pragune ega purune.<br \/>\nMonoliitsed tugevad k\u00e4epidemed lihtsustavad kasutamist.<\/p>\n<p>Toidu tempetatuuri s\u00e4ilimine (katsetulemused):<br \/>\nKUUM TOIT<br \/>\nalgtemperatuur k\u00e4russe laadimisel +87,7C<br \/>\ntemperatuur 1 tunni p\u00e4rast\u00a0 +85,5C<br \/>\ntemperatuur 2 tunni p\u00e4rast\u00a0 +84,2C<br \/>\ntemperatuur 3 tunni p\u00e4rast\u00a0 +82,9C<br \/>\ntemperatuur 4 tunni p\u00e4rast\u00a0 +81,7C<\/p>\n<p>K\u00dcLM TOIT<br \/>\nalgtemperatuur k\u00e4russe laadimisel +0,3C<br \/>\ntemperatuur 1 tunni p\u00e4rast\u00a0 +0,8C<br \/>\ntemperatuur 2 tunni p\u00e4rast\u00a0 +0,9C<br \/>\ntemperatuur 3 tunni p\u00e4rast\u00a0 +1,2C<br \/>\ntemperatuur 4 tunni p\u00e4rast\u00a0 +1,4C<\/p>","protected":false},"featured_media":28175,"template":"","meta":{"_acf_changed":false,"inline_featured_image":false},"product_brand":[],"product_cat":[5554],"product_tag":[],"class_list":{"0":"post-23063","1":"product","2":"type-product","3":"status-publish","4":"has-post-thumbnail","6":"product_cat-termokastid-ja-termokapid","7":"pa_kaubamark-cambro","9":"first","10":"outofstock","11":"shipping-taxable","12":"purchasable","13":"product-type-simple"},"acf":[],"_links":{"self":[{"href":"https:\/\/farwell.ee\/ru\/wp-json\/wp\/v2\/product\/23063","targetHints":{"allow":["GET"]}}],"collection":[{"href":"https:\/\/farwell.ee\/ru\/wp-json\/wp\/v2\/product"}],"about":[{"href":"https:\/\/farwell.ee\/ru\/wp-json\/wp\/v2\/types\/product"}],"wp:featuredmedia":[{"embeddable":true,"href":"https:\/\/farwell.ee\/ru\/wp-json\/wp\/v2\/media\/28175"}],"wp:attachment":[{"href":"https:\/\/farwell.ee\/ru\/wp-json\/wp\/v2\/media?parent=23063"}],"wp:term":[{"taxonomy":"product_brand","embeddable":true,"href":"https:\/\/farwell.ee\/ru\/wp-json\/wp\/v2\/product_brand?post=23063"},{"taxonomy":"product_cat","embeddable":true,"href":"https:\/\/farwell.ee\/ru\/wp-json\/wp\/v2\/product_cat?post=23063"},{"taxonomy":"product_tag","embeddable":true,"href":"https:\/\/farwell.ee\/ru\/wp-json\/wp\/v2\/product_tag?post=23063"}],"curies":[{"name":"wp","href":"https:\/\/api.w.org\/{rel}","templated":true}]}}