{"id":23052,"date":"2023-08-24T09:15:04","date_gmt":"2023-08-24T06:15:04","guid":{"rendered":"https:\/\/farwell.ee\/toode\/kandik-33x43cm-krobelise-rustikaalse-puidu-struktuuriga-2\/"},"modified":"2026-01-16T12:30:06","modified_gmt":"2026-01-16T10:30:06","slug":"kandik-33x43cm-krobelise-rustikaalse-puidu-struktuuriga-2","status":"publish","type":"product","link":"https:\/\/farwell.ee\/ru\/product\/kandik-33x43cm-krobelise-rustikaalse-puidu-struktuuriga-2\/","title":{"rendered":"Kandik 33x43cm krobelise rustikaalse puidu struktuuriga"},"content":{"rendered":"","protected":false},"excerpt":{"rendered":"<p>Pol\u00fcesterkandik krobelise rustikaalse puidu struktuuriga.<br \/>\nTumeda tamme imitatsioon.<br \/>\nM\u00f5eldud intensiivseks kasutamiseks restoranides, kohvikutes, kiirtoitlustuses, koolides, haiglates ja hotellides.<br \/>\nTekstuuriga puidus\u00fc\u00fc muster katab m\u00f5lemad kandiku pooled, servast servani.<br \/>\nKerge, vastupidav ja h\u00fcgieeniline.<br \/>\nCentury Wood\u00b4i kandikute pind on kriimustus-ja purunemiskindel, vastupidav kemikaalidele ja plekkidele.<br \/>\nTugevdatud pol\u00fcesternurgad ja servad tagavad suurep\u00e4rase kaitse l\u00f6\u00f6kidele.<br \/>\nUuenduslikud madalad profiilid ja madal nurgakujundus suurendavad kandiku pinda ja ergonoomilisust (k\u00e4si saab mugavalt toetada kandiku servadele).<br \/>\nKandiku all servades on ladustamisk\u00f5rgendused, mis tagavad \u00f5hu juurdep\u00e4\u00e4su ja kandikuid v\u00f5ib kuivatada virnastatult.<br \/>\nMasinpestav &#8211; kordade arv piiramatu.<br \/>\nTemperatuuritaluvus -40\u00b0C kuni +90\u00b0C<br \/>\nMaterjaligarantii tootjapoolsetele defektidele 5 aastat.<\/p>","protected":false},"featured_media":23051,"template":"","meta":{"_acf_changed":false,"inline_featured_image":false},"product_brand":[],"product_cat":[127],"product_tag":[],"class_list":{"0":"post-23052","1":"product","2":"type-product","3":"status-publish","4":"has-post-thumbnail","6":"product_cat-kandikud","7":"pa_kaubamark-cambro","9":"first","10":"outofstock","11":"shipping-taxable","12":"purchasable","13":"product-type-simple"},"acf":[],"_links":{"self":[{"href":"https:\/\/farwell.ee\/ru\/wp-json\/wp\/v2\/product\/23052","targetHints":{"allow":["GET"]}}],"collection":[{"href":"https:\/\/farwell.ee\/ru\/wp-json\/wp\/v2\/product"}],"about":[{"href":"https:\/\/farwell.ee\/ru\/wp-json\/wp\/v2\/types\/product"}],"wp:featuredmedia":[{"embeddable":true,"href":"https:\/\/farwell.ee\/ru\/wp-json\/wp\/v2\/media\/23051"}],"wp:attachment":[{"href":"https:\/\/farwell.ee\/ru\/wp-json\/wp\/v2\/media?parent=23052"}],"wp:term":[{"taxonomy":"product_brand","embeddable":true,"href":"https:\/\/farwell.ee\/ru\/wp-json\/wp\/v2\/product_brand?post=23052"},{"taxonomy":"product_cat","embeddable":true,"href":"https:\/\/farwell.ee\/ru\/wp-json\/wp\/v2\/product_cat?post=23052"},{"taxonomy":"product_tag","embeddable":true,"href":"https:\/\/farwell.ee\/ru\/wp-json\/wp\/v2\/product_tag?post=23052"}],"curies":[{"name":"wp","href":"https:\/\/api.w.org\/{rel}","templated":true}]}}