{"id":22938,"date":"2023-08-18T15:59:31","date_gmt":"2023-08-18T12:59:31","guid":{"rendered":"https:\/\/farwell.ee\/?post_type=product&#038;p=22938"},"modified":"2023-08-18T16:00:34","modified_gmt":"2023-08-18T13:00:34","slug":"wintersteiger-boot-10","status":"publish","type":"product","link":"https:\/\/farwell.ee\/ru\/product\/wintersteiger-boot-10\/","title":{"rendered":"Wintersteiger Boot 10"},"content":{"rendered":"","protected":false},"excerpt":{"rendered":"<p><strong>WINTERSTEIGER BOOT 10 STEREX KINDA-JA SAAPAKUIVATUSEADE IONISAATORIGA<\/strong><\/p>\n<p>https:\/\/www.youtube.com\/watch?v=a7UDkD9nqqc<\/p>\n<p style=\"font-weight: 400\">Tantum Boot 10 STEREX kuivati \u200b\u200bon enimm\u00fc\u00fcdud saapakuivatusseade 10 jalatsipaarile. Komplektis Sterex desinfitseerimiss\u00fcsteem.<\/p>\n<p style=\"font-weight: 400\">Paigalduskohad: p\u00e4\u00e4stekomandod, suusakeskused ja puhkemajad, lasteaiad, t\u00f6\u00f6stuspaigaldused, ehitus- ja toiduainetet\u00f6\u00f6stus ja muud kasutuskohad \u00a0kus tegemist v\u00e4li-t\u00f6\u00f6riiete ja jalatsite kuivatamisega.<\/p>\n<p style=\"font-weight: 400\">Komplekti kuuluv Sterex k\u00fclma plasma tehnoloogial p\u00f5hinev desinfitseerimiss\u00fcsteem tapab bakterid ja viirused ning neutraliseerib spetsiifilised l\u00f5hnad. Sterex desinfitseerimiss\u00fcsteem h\u00e4vitab ka hallituse.<\/p>\n<p style=\"font-weight: 400\">Wintersteiger \u00a0tootevalikus on lahendusi nii t\u00f6\u00f6riiete, jalan\u00f5ude, kinnaste, kaitsemaskide, kiivrite ja muu kaitsevarustuse kuivatamise ja desinfitseerimise tarvis.<\/p>\n<p class=\"m_-3290403060548532320Default\"><strong><span lang=\"ET\">Ettevalmistus seinale kinnitamiseks<u><\/u><u><\/u><\/span><\/strong><\/p>\n<p class=\"m_-3290403060548532320Default\"><strong><span lang=\"ET\">10-le jalatsite komplektile<u><\/u><u><\/u><\/span><\/strong><\/p>\n<p class=\"m_-3290403060548532320Default\"><strong><span lang=\"ET\">Speed Dry kuivatuss\u00fcsteem<u><\/u><u><\/u><\/span><\/strong><\/p>\n<p class=\"m_-3290403060548532320Default\"><strong><span lang=\"ET\">Lihtne kasutada, v\u00e4rviline LCD X-Control juhtimine<u><\/u><u><\/u><\/span><\/strong><\/p>\n<p class=\"m_-3290403060548532320Default\"><strong><span lang=\"ET\">Vastupidavad anodeeritud alumiiniumist ovaalsed kuivatuskonsoolid<u><\/u><u><\/u><\/span><\/strong><\/p>\n<p class=\"m_-3290403060548532320Default\"><strong><span lang=\"ET\">\u00d5hu puhumine l\u00e4bi kuivatuskonsoolide<u><\/u><u><\/u><\/span><\/strong><\/p>\n<p class=\"m_-3290403060548532320Default\"><strong><span lang=\"ET\">Sterex desinfektsiooni \/ ioniseerimiss\u00fcsteem<u><\/u><u><\/u><\/span><\/strong><\/p>\n<p class=\"m_-3290403060548532320Default\"><span lang=\"ET\"><strong><u><\/u>\u00a0<\/strong><u><\/u><\/span><\/p>\n<p class=\"m_-3290403060548532320Default\"><strong><span lang=\"ET\">M\u00f5\u00f5tmed: 60 x 62 x h=183cm<u><\/u><u><\/u><\/span><\/strong><\/p>\n<p class=\"m_-3290403060548532320Default\"><strong><span lang=\"ET\">Energiatarve 2,15kW (Sterex)<u><\/u><u><\/u><\/span><\/strong><\/p>\n<p class=\"m_-3290403060548532320Default\"><strong><span lang=\"ET\">Elektri\u00fchendus 230V<\/span><\/strong><\/p>","protected":false},"featured_media":22939,"template":"","meta":{"_acf_changed":false,"inline_featured_image":false},"product_brand":[],"product_cat":[7061],"product_tag":[],"class_list":{"0":"post-22938","1":"product","2":"type-product","3":"status-publish","4":"has-post-thumbnail","6":"product_cat-kuivatuskapid-ja-kinda-jalatsikuivatusseadmed-professionaalseks-kasutuseks","8":"first","9":"outofstock","10":"shipping-taxable","11":"product-type-simple"},"acf":[],"_links":{"self":[{"href":"https:\/\/farwell.ee\/ru\/wp-json\/wp\/v2\/product\/22938","targetHints":{"allow":["GET"]}}],"collection":[{"href":"https:\/\/farwell.ee\/ru\/wp-json\/wp\/v2\/product"}],"about":[{"href":"https:\/\/farwell.ee\/ru\/wp-json\/wp\/v2\/types\/product"}],"wp:featuredmedia":[{"embeddable":true,"href":"https:\/\/farwell.ee\/ru\/wp-json\/wp\/v2\/media\/22939"}],"wp:attachment":[{"href":"https:\/\/farwell.ee\/ru\/wp-json\/wp\/v2\/media?parent=22938"}],"wp:term":[{"taxonomy":"product_brand","embeddable":true,"href":"https:\/\/farwell.ee\/ru\/wp-json\/wp\/v2\/product_brand?post=22938"},{"taxonomy":"product_cat","embeddable":true,"href":"https:\/\/farwell.ee\/ru\/wp-json\/wp\/v2\/product_cat?post=22938"},{"taxonomy":"product_tag","embeddable":true,"href":"https:\/\/farwell.ee\/ru\/wp-json\/wp\/v2\/product_tag?post=22938"}],"curies":[{"name":"wp","href":"https:\/\/api.w.org\/{rel}","templated":true}]}}