{"id":22582,"date":"2023-08-08T15:15:03","date_gmt":"2023-08-08T12:15:03","guid":{"rendered":"https:\/\/farwell.ee\/toode\/kokanuga-21cm-gyoto-titanium-kattega\/"},"modified":"2025-09-17T12:30:03","modified_gmt":"2025-09-17T09:30:03","slug":"kokanuga-21cm-gyoto-titanium-kattega","status":"publish","type":"product","link":"https:\/\/farwell.ee\/ru\/product\/kokanuga-21cm-gyoto-titanium-kattega\/","title":{"rendered":"Kokanuga 21cm Gyoto Titanium-kattega"},"content":{"rendered":"","protected":false},"excerpt":{"rendered":"<p>Jaapani Satake Sword Smith Titanium kokanoad sobivad suurep\u00e4raselt igasse k\u00f6\u00f6ki.<br \/>\nNende nugade terad on valmistatud roostevabast mol\u00fcbdeen-vanaadiumi terasest k\u00f5vadusega 56-58 HRC, mis tagab optimaalsed l\u00f5ikeomadused ja lihtsa teritamise.<br \/>\nL\u00f5iketera on kaetud titaanikihiga.<br \/>\nT\u00e4nu titaankattele s\u00e4ilib toidu maitse muutumatuna, peale toidu l\u00f5ikamist ei teki metallilist j\u00e4relmaitset, mis on tingitud raua ionisatsioonist.<br \/>\nNende nugade k\u00e4epidemed on valmistatud mustast pol\u00fcprop\u00fcleenist, mis on kergesti puhastatav, vastupidav k\u00f5rgele temperatuurile ja niiskusele ning millel on antibakteriaalsed omadused.<br \/>\nRoostevabast terasest bolster kinnitab k\u00e4epideme tera k\u00fclge.<br \/>\nJaapani kokanugade tootja &#8220;SATAKE CUTLERY MFG. Co., Ltd.&#8221; asutati 1947.a. Seki linnas.<\/p>\n<p>Noa kogupikkus: 33,4 cm.<br \/>\nTera pikkus: 21 cm<br \/>\nTera laius: 4,3 cm<br \/>\nTera paksus: 2,1 mm<br \/>\nNoa kaal: 141 g<\/p>","protected":false},"featured_media":30983,"template":"","meta":{"_acf_changed":false,"inline_featured_image":false},"product_brand":[],"product_cat":[140],"product_tag":[],"class_list":{"0":"post-22582","1":"product","2":"type-product","3":"status-publish","4":"has-post-thumbnail","6":"product_cat-kooginoad","7":"pa_kaubamark-satake","9":"first","10":"outofstock","11":"shipping-taxable","12":"purchasable","13":"product-type-simple"},"acf":[],"_links":{"self":[{"href":"https:\/\/farwell.ee\/ru\/wp-json\/wp\/v2\/product\/22582","targetHints":{"allow":["GET"]}}],"collection":[{"href":"https:\/\/farwell.ee\/ru\/wp-json\/wp\/v2\/product"}],"about":[{"href":"https:\/\/farwell.ee\/ru\/wp-json\/wp\/v2\/types\/product"}],"wp:featuredmedia":[{"embeddable":true,"href":"https:\/\/farwell.ee\/ru\/wp-json\/wp\/v2\/media\/30983"}],"wp:attachment":[{"href":"https:\/\/farwell.ee\/ru\/wp-json\/wp\/v2\/media?parent=22582"}],"wp:term":[{"taxonomy":"product_brand","embeddable":true,"href":"https:\/\/farwell.ee\/ru\/wp-json\/wp\/v2\/product_brand?post=22582"},{"taxonomy":"product_cat","embeddable":true,"href":"https:\/\/farwell.ee\/ru\/wp-json\/wp\/v2\/product_cat?post=22582"},{"taxonomy":"product_tag","embeddable":true,"href":"https:\/\/farwell.ee\/ru\/wp-json\/wp\/v2\/product_tag?post=22582"}],"curies":[{"name":"wp","href":"https:\/\/api.w.org\/{rel}","templated":true}]}}