{"id":22490,"date":"2023-07-26T15:19:02","date_gmt":"2023-07-26T12:19:02","guid":{"rendered":"https:\/\/farwell.ee\/?post_type=product&#038;p=22490"},"modified":"2025-01-03T16:32:23","modified_gmt":"2025-01-03T14:32:23","slug":"lg-titan-c-light-14kg-kuivati","status":"publish","type":"product","link":"https:\/\/farwell.ee\/ru\/product\/lg-titan-c-light-14kg-kuivati\/","title":{"rendered":"LG Titan-C Light 14kg kuivati"},"content":{"rendered":"","protected":false},"excerpt":{"rendered":"<p><strong>Nutikas kuivati profikasutajale<\/strong><\/p>\n<p>Loodud\u00a0<strong>nutikatele ettev\u00f5tetele<\/strong>, kes vajavad\u00a0<strong>suuremat mahutavust<\/strong>,\u00a0<strong>pikemat vastupidavust<\/strong>\u00a0ja\u00a0<strong>ultrakiirust<\/strong>\u00a0m\u00f5istliku hinnaga<\/p>\n<p>https:\/\/www.youtube.com\/watch?v=Imyag_Meqpk<\/p>\n<p><strong>Eelised ja omadused<\/strong><\/p>\n<p>Erakordne vastupidavus \u2013 kasutusiga 15 000+ ts\u00fcklit<\/p>\n<ul>\n<li>Valmistatud t\u00f6\u00f6stuslikest komponentides ja kestab pea kuus korda kauem kui kodumajapidamise kuivatid<\/li>\n<li>kerge puhastada, t\u00f6\u00f6stuslik ebemefilter<\/li>\n<\/ul>\n<p>Kiirem ja t\u00f5husam kuivatamine:<\/p>\n<ul>\n<li>Suurem mahutavus: 14 kg<\/li>\n<li>Teljesihiline \u00f5huvool tagab kiirema kuivatuse madalaima energiatarbega<\/li>\n<\/ul>\n<p><strong>Suurem paindlikkus ja kasutusmugavus<\/strong><\/p>\n<ul>\n<li>Valikuline virnastuskomplekt pesumasina+kuivati virnastamiseks<\/li>\n<li>v\u00e4hem vibratsiooni ja m\u00fcra t\u00e4nu rullikutel trummelile<\/li>\n<li>Eriti suur luugiava pesude mugavaks laadimisek<\/li>\n<li>Esik\u00fcljelt ligip\u00e4\u00e4s lihtsustab masina hooldust<\/li>\n<\/ul>\n<p><strong>T\u00e4iuslik v\u00e4ikeettev\u00f5tetele, n\u00e4iteks:<\/strong><\/p>\n<ul>\n<li>v\u00e4iksematele hotellidele<\/li>\n<li>v\u00f5\u00f5rastemajadele<\/li>\n<li>restoranidele<\/li>\n<li>spordi- ja terviseklubidele<\/li>\n<li>hooldekodudele<\/li>\n<\/ul>\n<p><strong>Lisav\u00f5imalused<\/strong><\/p>\n<ul>\n<li>\u00dchendamine m\u00fcndiloenduritega.<\/li>\n<li>Ruumi s\u00e4\u00e4stmiseks virnastusv\u00f5imalus myPro XL TE1220E trummelkuivatiga.<\/li>\n<\/ul>\n<p style=\"font-weight: 400\">M\u00f5\u00f5tmed: 737(L) x 810(S) x 1022(K)mm<\/p>\n<p style=\"font-weight: 400\">Mahutavus: kuni 14KG; trumli maht 254L<\/p>\n<p style=\"font-weight: 400\">Suur trumli l\u00e4bim\u00f5\u00f5t ja suur ukseava lihtsustavad suurem\u00f5\u00f5tmeliste esemete pesemist.<\/p>\n<p style=\"font-weight: 400\">Protsessorjuhtimine, automaatne j\u00e4\u00e4kniiskuse kontrolli funktsioon, automaatne kuivatatava pesu koguse dekteerimise funktsioon,<\/p>\n<p style=\"font-weight: 400\">Pesumasinale paigaldamise komplekt<\/p>\n<p style=\"font-weight: 400\">Elektrik\u00fcttega: 1x230V; 50Hz, 5,4kW<\/p>\n<p style=\"font-weight: 400\">Komplektis virnastuskomplekt kuivati paigaldamiseks pesumasina peale<\/p>","protected":false},"featured_media":31758,"template":"","meta":{"_acf_changed":false,"inline_featured_image":false},"product_brand":[],"product_cat":[4128,4165],"product_tag":[],"class_list":{"0":"post-22490","1":"product","2":"type-product","3":"status-publish","4":"has-post-thumbnail","6":"product_cat-pesumasinad-ja-kuivatid-professionaalseks-kasutuseks","7":"product_cat-iseteenindus-pesumaja","9":"first","10":"outofstock","11":"shipping-taxable","12":"purchasable","13":"product-type-simple"},"acf":[],"_links":{"self":[{"href":"https:\/\/farwell.ee\/ru\/wp-json\/wp\/v2\/product\/22490","targetHints":{"allow":["GET"]}}],"collection":[{"href":"https:\/\/farwell.ee\/ru\/wp-json\/wp\/v2\/product"}],"about":[{"href":"https:\/\/farwell.ee\/ru\/wp-json\/wp\/v2\/types\/product"}],"wp:featuredmedia":[{"embeddable":true,"href":"https:\/\/farwell.ee\/ru\/wp-json\/wp\/v2\/media\/31758"}],"wp:attachment":[{"href":"https:\/\/farwell.ee\/ru\/wp-json\/wp\/v2\/media?parent=22490"}],"wp:term":[{"taxonomy":"product_brand","embeddable":true,"href":"https:\/\/farwell.ee\/ru\/wp-json\/wp\/v2\/product_brand?post=22490"},{"taxonomy":"product_cat","embeddable":true,"href":"https:\/\/farwell.ee\/ru\/wp-json\/wp\/v2\/product_cat?post=22490"},{"taxonomy":"product_tag","embeddable":true,"href":"https:\/\/farwell.ee\/ru\/wp-json\/wp\/v2\/product_tag?post=22490"}],"curies":[{"name":"wp","href":"https:\/\/api.w.org\/{rel}","templated":true}]}}