{"id":22485,"date":"2023-07-26T15:01:47","date_gmt":"2023-07-26T12:01:47","guid":{"rendered":"https:\/\/farwell.ee\/?post_type=product&#038;p=22485"},"modified":"2025-01-03T16:31:41","modified_gmt":"2025-01-03T14:31:41","slug":"lg-titan-max-15kg-pesumasin","status":"publish","type":"product","link":"https:\/\/farwell.ee\/ru\/product\/lg-titan-max-15kg-pesumasin\/","title":{"rendered":"LG Titan MAX 15kg pesumasin"},"content":{"rendered":"","protected":false},"excerpt":{"rendered":"<p><strong>Nutikas pesumasin profikasutajale<\/strong><\/p>\n<p>Loodud\u00a0<strong>nutikatele ettev\u00f5tetele<\/strong>, kes vajavad\u00a0<strong>suuremat mahutavust<\/strong>,\u00a0<strong>pikemat vastupidavust<\/strong>\u00a0ja\u00a0<strong>ultrakiirust<\/strong>\u00a0m\u00f5istliku hinnaga<\/p>\n<p>https:\/\/www.youtube.com\/watch?v=Imyag_Meqpk<\/p>\n<p><strong>Omadused ja eelised<\/strong><\/p>\n<p><strong>Erakordne vastupidavus<\/strong>\u00a0\u2013 kasutusiga 15 000+ ts\u00fcklit<\/p>\n<ul>\n<li>Valmistatud t\u00f6\u00f6stuslikest komponentides ja kestab pea kuus korda kauem kui kodumajapidamise pesumasinad<\/li>\n<\/ul>\n<p><strong>Kiirem ja t\u00f5husam pesemine<\/strong>\u00a0(v\u00f5rreldes kodumajapidamiste masinatega)<\/p>\n<ul>\n<li>Suurem mahutavus: 15 kg<\/li>\n<li>K\u00fclma veega pesu vaikimisi 35 minutit<\/li>\n<li>300 G-tegur parima tsentrifuugimistulemuse ja l\u00fchema kuivamisaja jaoks<\/li>\n<\/ul>\n<p><strong>Suurem paindlikkus ja kasutusmugavus<\/strong><\/p>\n<ul>\n<li>paindlik paigaldus t\u00e4nu ankurdusvajaduseta disainile ja nutikale \u00e4ravoolupumba lahendusele<\/li>\n<li>Valikuline virnastuskomplekt pesumasina+kuivati hiljem virnastamiseks<\/li>\n<li>Suurep\u00e4rane pesutulemus neljal moel kohandatavate pesuprogrammidega<\/li>\n<li>Desinfitseerivad programmid erinevate kestuse ja veetemperatuuri valikuteg<\/li>\n<li>Esik\u00fcljelt ligip\u00e4\u00e4s lihtsustab masina hooldust<\/li>\n<\/ul>\n<p><strong>T\u00e4iuslik v\u00e4ikeettev\u00f5tetele, n\u00e4iteks:<\/strong><\/p>\n<ul>\n<li>v\u00e4iksematele hotellidele<\/li>\n<li>v\u00f5\u00f5rastemajadele<\/li>\n<li>restoranidele<\/li>\n<li>spordi- ja terviseklubidele<\/li>\n<li>hooldekodudele<\/li>\n<\/ul>\n<p><strong>Lisav\u00f5imalused<\/strong><\/p>\n<ul>\n<li>Komplekt v\u00e4lise pesuainedosaator \u00fchendamiseks<\/li>\n<li>\u00dchendamine m\u00fcndiloenduritega.<\/li>\n<li>Ruumi s\u00e4\u00e4stmiseks virnastusv\u00f5imalus myPro XL TE1220E trummelkuivatiga.<\/li>\n<\/ul>\n<p style=\"font-weight: 400\"><strong>M\u00f5\u00f5tmed:<\/strong> 737(L) x 814(S) x 1036(K)mm<\/p>\n<p style=\"font-weight: 400\"><strong>Mahutavus:<\/strong> kuni 15KG; trumli maht 147L<\/p>\n<p style=\"font-weight: 400\">Suur trumli l\u00e4bim\u00f5\u00f5t ja suur ukseava lihtsustavad suurem\u00f5\u00f5tmeliste esemete pesemist.<\/p>\n<p style=\"font-weight: 400\"><strong>Tsentrifuugi kiirus:<\/strong> 1000 p\u00f6\u00f6ret minutis; k\u00f5rge G-faktor 350, j\u00e4\u00e4kniiskuse tase peale tsentrifuugimist 40-45%.<\/p>\n<p style=\"font-weight: 400\"><strong>Ei vaja ankurdamist p\u00f5randasse<\/strong><\/p>\n<p style=\"font-weight: 400\"><strong>Roostevabast terasest<\/strong> sise- ja v\u00e4listrummel<\/p>\n<p style=\"font-weight: 400\"><strong>Protsessorjuhtimine<\/strong>, kuni 20 pesuprogrammi,<\/p>\n<p style=\"font-weight: 400\">K\u00fclma-ja sooja vee sisendi,<\/p>\n<p style=\"font-weight: 400\">Vedelate pesuainete \u00fchendamise valmidus<\/p>\n<p style=\"font-weight: 400\">Seadistatavad tsentrifuugimiskiirused.<\/p>\n<p style=\"font-weight: 400\">Automaatne balansseerimiss\u00fcsteem,<\/p>\n<p style=\"font-weight: 400\"><strong>Elektrik\u00fcttega:<\/strong> 1x230V; 50Hz, 3,8kW<\/p>","protected":false},"featured_media":31757,"template":"","meta":{"_acf_changed":false,"inline_featured_image":false},"product_brand":[],"product_cat":[4128,4165],"product_tag":[],"class_list":{"0":"post-22485","1":"product","2":"type-product","3":"status-publish","4":"has-post-thumbnail","6":"product_cat-pesumasinad-ja-kuivatid-professionaalseks-kasutuseks","7":"product_cat-iseteenindus-pesumaja","9":"first","10":"outofstock","11":"shipping-taxable","12":"purchasable","13":"product-type-simple"},"acf":[],"_links":{"self":[{"href":"https:\/\/farwell.ee\/ru\/wp-json\/wp\/v2\/product\/22485","targetHints":{"allow":["GET"]}}],"collection":[{"href":"https:\/\/farwell.ee\/ru\/wp-json\/wp\/v2\/product"}],"about":[{"href":"https:\/\/farwell.ee\/ru\/wp-json\/wp\/v2\/types\/product"}],"wp:featuredmedia":[{"embeddable":true,"href":"https:\/\/farwell.ee\/ru\/wp-json\/wp\/v2\/media\/31757"}],"wp:attachment":[{"href":"https:\/\/farwell.ee\/ru\/wp-json\/wp\/v2\/media?parent=22485"}],"wp:term":[{"taxonomy":"product_brand","embeddable":true,"href":"https:\/\/farwell.ee\/ru\/wp-json\/wp\/v2\/product_brand?post=22485"},{"taxonomy":"product_cat","embeddable":true,"href":"https:\/\/farwell.ee\/ru\/wp-json\/wp\/v2\/product_cat?post=22485"},{"taxonomy":"product_tag","embeddable":true,"href":"https:\/\/farwell.ee\/ru\/wp-json\/wp\/v2\/product_tag?post=22485"}],"curies":[{"name":"wp","href":"https:\/\/api.w.org\/{rel}","templated":true}]}}