{"id":22481,"date":"2023-07-26T10:45:05","date_gmt":"2023-07-26T07:45:05","guid":{"rendered":"https:\/\/farwell.ee\/toode\/kulmiku-termomeeter-30c-50c-digitaalne-vastab-standardile-en13485\/"},"modified":"2026-03-25T13:00:03","modified_gmt":"2026-03-25T11:00:03","slug":"kulmiku-termomeeter-30c-50c-digitaalne-vastab-standardile-en13485","status":"publish","type":"product","link":"https:\/\/farwell.ee\/ru\/product\/kulmiku-termomeeter-30c-50c-digitaalne-vastab-standardile-en13485\/","title":{"rendered":"K\u00fclmiku termomeeter -30C\/+50C digitaalne, vastab standardile EN13485"},"content":{"rendered":"","protected":false},"excerpt":{"rendered":"<p>Temperatuuri m\u00f5\u00f5tmiseks k\u00fclmikus ja s\u00fcgavk\u00fclmikus.<br \/>\nP\u00fcsiv ekraan &#8211; max. ja min. v\u00e4\u00e4rtused.<br \/>\nPindadele v\u00f5i klaasi taha paigaldamiseks.<br \/>\nS\u00fcgavk\u00fclmiku v\u00f5i k\u00fclmiku s\u00fcmboliga.<br \/>\nProfessionaalseks kasutamiseks, vastab standardile EN13485<\/p>\n<p>Tehnilised andmed:<\/p>\n<p>Komplektis: k\u00fclmiku \/ s\u00fcgavk\u00fclmiku termomeeter, patarei, kasutusjuhend<br \/>\nSisetemperatuuri m\u00f5\u00f5tmisvahemik:\u00a0 \u00a0-30&#8230;+50\u00b0C (-22&#8230;+122\u00b0F)<br \/>\nMaterjal: plastik<br \/>\nV\u00f5imalik riputada v\u00f5i pindadele paigutada<br \/>\nEnergiatarve: akud<br \/>\nPatareid: 1 x 3 V CR2032<br \/>\nPatareid kaasas: jah<br \/>\nM\u00f5\u00f5dud: (P) 91 x (P) 15 (35) x (K) 72 mm<br \/>\nKaal 36 g<\/p>","protected":false},"featured_media":22479,"template":"","meta":{"_acf_changed":false,"inline_featured_image":false},"product_brand":[],"product_cat":[181],"product_tag":[],"class_list":{"0":"post-22481","1":"product","2":"type-product","3":"status-publish","4":"has-post-thumbnail","6":"product_cat-termomeetrid-ja-taimerid","7":"pa_kaubamark-tfa","9":"first","10":"instock","11":"shipping-taxable","12":"purchasable","13":"product-type-simple"},"acf":[],"_links":{"self":[{"href":"https:\/\/farwell.ee\/ru\/wp-json\/wp\/v2\/product\/22481","targetHints":{"allow":["GET"]}}],"collection":[{"href":"https:\/\/farwell.ee\/ru\/wp-json\/wp\/v2\/product"}],"about":[{"href":"https:\/\/farwell.ee\/ru\/wp-json\/wp\/v2\/types\/product"}],"wp:featuredmedia":[{"embeddable":true,"href":"https:\/\/farwell.ee\/ru\/wp-json\/wp\/v2\/media\/22479"}],"wp:attachment":[{"href":"https:\/\/farwell.ee\/ru\/wp-json\/wp\/v2\/media?parent=22481"}],"wp:term":[{"taxonomy":"product_brand","embeddable":true,"href":"https:\/\/farwell.ee\/ru\/wp-json\/wp\/v2\/product_brand?post=22481"},{"taxonomy":"product_cat","embeddable":true,"href":"https:\/\/farwell.ee\/ru\/wp-json\/wp\/v2\/product_cat?post=22481"},{"taxonomy":"product_tag","embeddable":true,"href":"https:\/\/farwell.ee\/ru\/wp-json\/wp\/v2\/product_tag?post=22481"}],"curies":[{"name":"wp","href":"https:\/\/api.w.org\/{rel}","templated":true}]}}