{"id":22193,"date":"2023-07-11T15:45:03","date_gmt":"2023-07-11T12:45:03","guid":{"rendered":"https:\/\/farwell.ee\/toode\/norutusrest-sailituskasti-46x66cm-pohja\/"},"modified":"2026-01-16T12:15:10","modified_gmt":"2026-01-16T10:15:10","slug":"norutusrest-sailituskasti-46x66cm-pohja","status":"publish","type":"product","link":"https:\/\/farwell.ee\/ru\/product\/norutusrest-sailituskasti-46x66cm-pohja\/","title":{"rendered":"N\u00f5rutusrest s\u00e4ilituskasti 46x66cm p\u00f5hja"},"content":{"rendered":"","protected":false},"excerpt":{"rendered":"","protected":false},"featured_media":22192,"template":"","meta":{"_acf_changed":false,"inline_featured_image":false},"product_brand":[],"product_cat":[5674],"product_tag":[],"class_list":{"0":"post-22193","1":"product","2":"type-product","3":"status-publish","4":"has-post-thumbnail","6":"product_cat-sailitus-ja-transpordikastid","7":"pa_kaubamark-cambro","9":"first","10":"outofstock","11":"shipping-taxable","12":"purchasable","13":"product-type-simple"},"acf":[],"_links":{"self":[{"href":"https:\/\/farwell.ee\/ru\/wp-json\/wp\/v2\/product\/22193","targetHints":{"allow":["GET"]}}],"collection":[{"href":"https:\/\/farwell.ee\/ru\/wp-json\/wp\/v2\/product"}],"about":[{"href":"https:\/\/farwell.ee\/ru\/wp-json\/wp\/v2\/types\/product"}],"wp:featuredmedia":[{"embeddable":true,"href":"https:\/\/farwell.ee\/ru\/wp-json\/wp\/v2\/media\/22192"}],"wp:attachment":[{"href":"https:\/\/farwell.ee\/ru\/wp-json\/wp\/v2\/media?parent=22193"}],"wp:term":[{"taxonomy":"product_brand","embeddable":true,"href":"https:\/\/farwell.ee\/ru\/wp-json\/wp\/v2\/product_brand?post=22193"},{"taxonomy":"product_cat","embeddable":true,"href":"https:\/\/farwell.ee\/ru\/wp-json\/wp\/v2\/product_cat?post=22193"},{"taxonomy":"product_tag","embeddable":true,"href":"https:\/\/farwell.ee\/ru\/wp-json\/wp\/v2\/product_tag?post=22193"}],"curies":[{"name":"wp","href":"https:\/\/api.w.org\/{rel}","templated":true}]}}