{"id":22178,"date":"2023-07-10T16:15:03","date_gmt":"2023-07-10T13:15:03","guid":{"rendered":"https:\/\/farwell.ee\/toode\/kandik-33x43cm-kollane-plastik-krobelise-pinnaga\/"},"modified":"2026-03-10T13:45:04","modified_gmt":"2026-03-10T11:45:04","slug":"kandik-33x43cm-kollane-plastik-krobelise-pinnaga","status":"publish","type":"product","link":"https:\/\/farwell.ee\/ru\/product\/kandik-33x43cm-kollane-plastik-krobelise-pinnaga\/","title":{"rendered":"Kandik 33x43cm kollane plastik, krobelise pinnaga"},"content":{"rendered":"","protected":false},"excerpt":{"rendered":"<p>V\u00e4bo kandik on Rootsis toodetud toode, mis on valmistatud l\u00f6\u00f6gikindlast prop\u00fcleenplastist.<br \/>\nKandik sobib koolidesse, l\u00f5unarestoranidesse, s\u00f6\u00f6klatesse, kaitsev\u00e4ele.<\/p>\n<p>Kandik on n\u00f5udepesumasinas pestav.<br \/>\nP\u00f5hja all olev k\u00f5rgendusrant muudab niiske kandiku kuivamise virnastamisel v\u00f5imalikuks ja lihtsamaks.<br \/>\nKandikul on v\u00e4ga hea v\u00e4\u00e4ndej\u00e4ikus.<br \/>\nSee talub n\u00f5rku happeid, alkoholi, enamikke lahusteid ja kodukeemiat.<\/p>\n<p>Materjal on t\u00e4ielikult taaskasutatav ja ei sisalda raskemetalle.<\/p>","protected":false},"featured_media":33465,"template":"","meta":{"_acf_changed":false,"inline_featured_image":false},"product_brand":[],"product_cat":[127],"product_tag":[],"class_list":{"0":"post-22178","1":"product","2":"type-product","3":"status-publish","4":"has-post-thumbnail","6":"product_cat-kandikud","7":"pa_kaubamark-vabo","9":"first","10":"outofstock","11":"shipping-taxable","12":"purchasable","13":"product-type-simple"},"acf":[],"_links":{"self":[{"href":"https:\/\/farwell.ee\/ru\/wp-json\/wp\/v2\/product\/22178","targetHints":{"allow":["GET"]}}],"collection":[{"href":"https:\/\/farwell.ee\/ru\/wp-json\/wp\/v2\/product"}],"about":[{"href":"https:\/\/farwell.ee\/ru\/wp-json\/wp\/v2\/types\/product"}],"wp:featuredmedia":[{"embeddable":true,"href":"https:\/\/farwell.ee\/ru\/wp-json\/wp\/v2\/media\/33465"}],"wp:attachment":[{"href":"https:\/\/farwell.ee\/ru\/wp-json\/wp\/v2\/media?parent=22178"}],"wp:term":[{"taxonomy":"product_brand","embeddable":true,"href":"https:\/\/farwell.ee\/ru\/wp-json\/wp\/v2\/product_brand?post=22178"},{"taxonomy":"product_cat","embeddable":true,"href":"https:\/\/farwell.ee\/ru\/wp-json\/wp\/v2\/product_cat?post=22178"},{"taxonomy":"product_tag","embeddable":true,"href":"https:\/\/farwell.ee\/ru\/wp-json\/wp\/v2\/product_tag?post=22178"}],"curies":[{"name":"wp","href":"https:\/\/api.w.org\/{rel}","templated":true}]}}