{"id":22170,"date":"2023-07-10T14:45:04","date_gmt":"2023-07-10T11:45:04","guid":{"rendered":"https:\/\/farwell.ee\/toode\/pokaalikorv-49-sektsiooniga-pruuni-pohikorviga-max-korgus-225cm\/"},"modified":"2026-01-16T12:15:12","modified_gmt":"2026-01-16T10:15:12","slug":"pokaalikorv-49-sektsiooniga-pruuni-pohikorviga-max-korgus-225cm","status":"publish","type":"product","link":"https:\/\/farwell.ee\/ru\/product\/pokaalikorv-49-sektsiooniga-pruuni-pohikorviga-max-korgus-225cm\/","title":{"rendered":"Pokaalikorv 49-sektsiooniga, pruuni p\u00f5hikorviga"},"content":{"rendered":"","protected":false},"excerpt":{"rendered":"<p>Korvi k\u00f5rgus 22,5 cm.<br \/>\nSobib pokaalidele, mille max. l\u00e4bim\u00f5\u00f5t on 6,2 cm ja\u00a0 max. k\u00f5rgus on 17,4 cm.<\/p>","protected":false},"featured_media":22169,"template":"","meta":{"_acf_changed":false,"inline_featured_image":false},"product_brand":[],"product_cat":[6267],"product_tag":[],"class_list":{"0":"post-22170","1":"product","2":"type-product","3":"status-publish","4":"has-post-thumbnail","6":"product_cat-noudepesurestid","7":"pa_kaubamark-cambro","9":"first","10":"outofstock","11":"shipping-taxable","12":"purchasable","13":"product-type-simple"},"acf":[],"_links":{"self":[{"href":"https:\/\/farwell.ee\/ru\/wp-json\/wp\/v2\/product\/22170","targetHints":{"allow":["GET"]}}],"collection":[{"href":"https:\/\/farwell.ee\/ru\/wp-json\/wp\/v2\/product"}],"about":[{"href":"https:\/\/farwell.ee\/ru\/wp-json\/wp\/v2\/types\/product"}],"wp:featuredmedia":[{"embeddable":true,"href":"https:\/\/farwell.ee\/ru\/wp-json\/wp\/v2\/media\/22169"}],"wp:attachment":[{"href":"https:\/\/farwell.ee\/ru\/wp-json\/wp\/v2\/media?parent=22170"}],"wp:term":[{"taxonomy":"product_brand","embeddable":true,"href":"https:\/\/farwell.ee\/ru\/wp-json\/wp\/v2\/product_brand?post=22170"},{"taxonomy":"product_cat","embeddable":true,"href":"https:\/\/farwell.ee\/ru\/wp-json\/wp\/v2\/product_cat?post=22170"},{"taxonomy":"product_tag","embeddable":true,"href":"https:\/\/farwell.ee\/ru\/wp-json\/wp\/v2\/product_tag?post=22170"}],"curies":[{"name":"wp","href":"https:\/\/api.w.org\/{rel}","templated":true}]}}