{"id":22153,"date":"2023-07-10T14:15:04","date_gmt":"2023-07-10T11:15:04","guid":{"rendered":"https:\/\/farwell.ee\/toode\/pokaalikorv-20-sektsiooniga-punase-pohikorviga-max-korgus-257cm\/"},"modified":"2026-01-16T12:15:11","modified_gmt":"2026-01-16T10:15:11","slug":"pokaalikorv-20-sektsiooniga-punase-pohikorviga-max-korgus-257cm","status":"publish","type":"product","link":"https:\/\/farwell.ee\/ru\/product\/pokaalikorv-20-sektsiooniga-punase-pohikorviga-max-korgus-257cm\/","title":{"rendered":"Pokaalikorv 20-sektsiooniga, punase p\u00f5hikorviga"},"content":{"rendered":"","protected":false},"excerpt":{"rendered":"<p>Korvi k\u00f5rgus 30,8 cm.<br \/>\nSobib pokaalidele, mille max. l\u00e4bim\u00f5\u00f5t on 9,84 cm ja\u00a0 max. k\u00f5rgus on 25,7cm.<\/p>","protected":false},"featured_media":22171,"template":"","meta":{"_acf_changed":false,"inline_featured_image":false},"product_brand":[],"product_cat":[6267],"product_tag":[],"class_list":{"0":"post-22153","1":"product","2":"type-product","3":"status-publish","4":"has-post-thumbnail","6":"product_cat-noudepesurestid","7":"pa_kaubamark-cambro","9":"first","10":"outofstock","11":"shipping-taxable","12":"purchasable","13":"product-type-simple"},"acf":[],"_links":{"self":[{"href":"https:\/\/farwell.ee\/ru\/wp-json\/wp\/v2\/product\/22153","targetHints":{"allow":["GET"]}}],"collection":[{"href":"https:\/\/farwell.ee\/ru\/wp-json\/wp\/v2\/product"}],"about":[{"href":"https:\/\/farwell.ee\/ru\/wp-json\/wp\/v2\/types\/product"}],"wp:featuredmedia":[{"embeddable":true,"href":"https:\/\/farwell.ee\/ru\/wp-json\/wp\/v2\/media\/22171"}],"wp:attachment":[{"href":"https:\/\/farwell.ee\/ru\/wp-json\/wp\/v2\/media?parent=22153"}],"wp:term":[{"taxonomy":"product_brand","embeddable":true,"href":"https:\/\/farwell.ee\/ru\/wp-json\/wp\/v2\/product_brand?post=22153"},{"taxonomy":"product_cat","embeddable":true,"href":"https:\/\/farwell.ee\/ru\/wp-json\/wp\/v2\/product_cat?post=22153"},{"taxonomy":"product_tag","embeddable":true,"href":"https:\/\/farwell.ee\/ru\/wp-json\/wp\/v2\/product_tag?post=22153"}],"curies":[{"name":"wp","href":"https:\/\/api.w.org\/{rel}","templated":true}]}}