{"id":22107,"date":"2023-07-06T09:30:03","date_gmt":"2023-07-06T06:30:03","guid":{"rendered":"https:\/\/farwell.ee\/toode\/pitsaloikur-o10x23cm-varviliste-haccp-margistusklambritega\/"},"modified":"2026-03-24T11:00:04","modified_gmt":"2026-03-24T09:00:04","slug":"pitsaloikur-o10x23cm-varviliste-haccp-margistusklambritega","status":"publish","type":"product","link":"https:\/\/farwell.ee\/ru\/product\/pitsaloikur-o10x23cm-varviliste-haccp-margistusklambritega\/","title":{"rendered":"Pitsal\u00f5ikur \u00d8100x230mm v\u00e4rviliste HACCP m\u00e4rgistusklambritega"},"content":{"rendered":"","protected":false},"excerpt":{"rendered":"","protected":false},"featured_media":22105,"template":"","meta":{"_acf_changed":false,"inline_featured_image":false},"product_brand":[],"product_cat":[154],"product_tag":[6392],"class_list":{"0":"post-22107","1":"product","2":"type-product","3":"status-publish","4":"has-post-thumbnail","6":"product_cat-pizzatarvikud","7":"product_tag-pitsa","8":"pa_kaubamark-hendi","10":"first","11":"instock","12":"shipping-taxable","13":"purchasable","14":"product-type-simple"},"acf":[],"_links":{"self":[{"href":"https:\/\/farwell.ee\/ru\/wp-json\/wp\/v2\/product\/22107","targetHints":{"allow":["GET"]}}],"collection":[{"href":"https:\/\/farwell.ee\/ru\/wp-json\/wp\/v2\/product"}],"about":[{"href":"https:\/\/farwell.ee\/ru\/wp-json\/wp\/v2\/types\/product"}],"wp:featuredmedia":[{"embeddable":true,"href":"https:\/\/farwell.ee\/ru\/wp-json\/wp\/v2\/media\/22105"}],"wp:attachment":[{"href":"https:\/\/farwell.ee\/ru\/wp-json\/wp\/v2\/media?parent=22107"}],"wp:term":[{"taxonomy":"product_brand","embeddable":true,"href":"https:\/\/farwell.ee\/ru\/wp-json\/wp\/v2\/product_brand?post=22107"},{"taxonomy":"product_cat","embeddable":true,"href":"https:\/\/farwell.ee\/ru\/wp-json\/wp\/v2\/product_cat?post=22107"},{"taxonomy":"product_tag","embeddable":true,"href":"https:\/\/farwell.ee\/ru\/wp-json\/wp\/v2\/product_tag?post=22107"}],"curies":[{"name":"wp","href":"https:\/\/api.w.org\/{rel}","templated":true}]}}