{"id":21262,"date":"2023-04-28T12:45:04","date_gmt":"2023-04-28T09:45:04","guid":{"rendered":"https:\/\/farwell.ee\/toode\/termokandik-3-nouga-1-portselanist-taldrik-ja-2-pp-kaussi\/"},"modified":"2026-01-16T12:30:07","modified_gmt":"2026-01-16T10:30:07","slug":"termokandik-3-nouga-1-portselanist-taldrik-ja-2-pp-kaussi","status":"publish","type":"product","link":"https:\/\/farwell.ee\/ru\/product\/termokandik-3-nouga-1-portselanist-taldrik-ja-2-pp-kaussi\/","title":{"rendered":"Termokandik 3-n\u00f5uga (23cm portselanist taldrik ja 2 PP kaussi 500ml)"},"content":{"rendered":"","protected":false},"excerpt":{"rendered":"<p>\u00dche inimese toitlustuskandik, mis hoiab temperatuuri 1 tund.<\/p>\n<p>M\u00f5\u00f5dud 53x37x11,8cm.<br \/>\nMaterjali tihedus: 45 g\/l<br \/>\nKaal 1,57kg.<br \/>\nMasinpesukindel ja ladustatav.<br \/>\nP\u00e4rast pesu peab kandik avatult kuivama.<br \/>\nTermokandik sisaldab: 1 portselanist taldrik kaanega ja 2 pol\u00fcprop\u00fcleenist kaussi kaantega.<br \/>\nTaldriku l\u00e4bim\u00f5\u00f5t: 23cm<br \/>\nKausi maht 500ml, l\u00e4bim\u00f5\u00f5t 13,6cm ja k\u00f5rgus 6cm.<br \/>\nKandikus on t\u00fchi lahter s\u00f6\u00f6giriistade, jogurtitopsi ja veepudeli jaoks.<\/p>","protected":false},"featured_media":22428,"template":"","meta":{"_acf_changed":false,"inline_featured_image":false},"product_brand":[],"product_cat":[6015],"product_tag":[9174],"class_list":{"0":"post-21262","1":"product","2":"type-product","3":"status-publish","4":"has-post-thumbnail","6":"product_cat-termokandikud","7":"product_tag-isotermiline-kandik","8":"pa_kaubamark-cambro","10":"first","11":"outofstock","12":"shipping-taxable","13":"purchasable","14":"product-type-simple"},"acf":[],"_links":{"self":[{"href":"https:\/\/farwell.ee\/ru\/wp-json\/wp\/v2\/product\/21262","targetHints":{"allow":["GET"]}}],"collection":[{"href":"https:\/\/farwell.ee\/ru\/wp-json\/wp\/v2\/product"}],"about":[{"href":"https:\/\/farwell.ee\/ru\/wp-json\/wp\/v2\/types\/product"}],"wp:featuredmedia":[{"embeddable":true,"href":"https:\/\/farwell.ee\/ru\/wp-json\/wp\/v2\/media\/22428"}],"wp:attachment":[{"href":"https:\/\/farwell.ee\/ru\/wp-json\/wp\/v2\/media?parent=21262"}],"wp:term":[{"taxonomy":"product_brand","embeddable":true,"href":"https:\/\/farwell.ee\/ru\/wp-json\/wp\/v2\/product_brand?post=21262"},{"taxonomy":"product_cat","embeddable":true,"href":"https:\/\/farwell.ee\/ru\/wp-json\/wp\/v2\/product_cat?post=21262"},{"taxonomy":"product_tag","embeddable":true,"href":"https:\/\/farwell.ee\/ru\/wp-json\/wp\/v2\/product_tag?post=21262"}],"curies":[{"name":"wp","href":"https:\/\/api.w.org\/{rel}","templated":true}]}}