{"id":21220,"date":"2023-04-26T12:00:03","date_gmt":"2023-04-26T09:00:03","guid":{"rendered":"https:\/\/farwell.ee\/toode\/terituskivi-kahepoolne-1000-3000dmi\/"},"modified":"2026-02-16T13:00:04","modified_gmt":"2026-02-16T11:00:04","slug":"terituskivi-kahepoolne-1000-3000dmi","status":"publish","type":"product","link":"https:\/\/farwell.ee\/ru\/product\/terituskivi-kahepoolne-1000-3000dmi\/","title":{"rendered":"Terituskivi ehk vesiluisk kahepoolne 1000\/3000dmi"},"content":{"rendered":"","protected":false},"excerpt":{"rendered":"<p>Klassikaline vesiterituskivi ehk vesiluisk teralisusega 1000 ja 3000 dmi.<br \/>\nKivi on kahepoolne ja \u00fcmberp\u00f6\u00f6ratav.<br \/>\n1000 dmi teralisusega vesiluisk on m\u00f5eldud eelk\u00f5ige l\u00f5iketerade hooldusterituseks ehk siis nugade puhul, mis on veel heas korras ja ei ole p\u00e4ris n\u00fcrid.<br \/>\n3000 dmi teralisusega vesiluisk on m\u00f5eldud l\u00f5iketerade viimistlemiseks ja poleerimiseks.<br \/>\nAluseks on libisematu silikoonraam, mis hoiab kivi liikumatult paigal ega kriimusta t\u00f6\u00f6pindasid.<br \/>\nKasutusjuhend: leota kivi u. 5 minutit vees enne kasutamist, oota kuni kivi pinnalt ei eraldu enam \u00f5humulle.<br \/>\nAlusta p\u00f6\u00f6rlevate v\u00f5i sirgete liigutusega noatera h\u00f5\u00f5rumist vastu karedamat kivipinda, hoides \u00f5iget teritusnurka ja viimistle tera peenema kivipinnaga.<br \/>\nEriti oluline on \u00f5ige teritusnurga hoidmine (kontrolli teritusnurka vastavalt noa br\u00e4ndile!).<br \/>\nTeritamise k\u00e4igus pritsi s\u00f5rmedega kivipinnale vett &#8211; kivipind peab olema \u00fchtlaselt m\u00e4rg.<br \/>\nTeritamise l\u00f5petamisel loputa kivi veega ja aseta ilma aluseta kuivama.<br \/>\nOluline on kasutada teritamisel kogu kivipinda, et see ei kuluks eba\u00fchtlaselt.<br \/>\n\u00c4ra pilla kivi maha, see v\u00f5ib katki minna.<br \/>\nToode on pakendis.<\/p>","protected":false},"featured_media":28419,"template":"","meta":{"_acf_changed":false,"inline_featured_image":false},"product_brand":[],"product_cat":[140],"product_tag":[],"class_list":{"0":"post-21220","1":"product","2":"type-product","3":"status-publish","4":"has-post-thumbnail","6":"product_cat-kooginoad","7":"pa_kaubamark-taidea","9":"first","10":"instock","11":"shipping-taxable","12":"purchasable","13":"product-type-simple"},"acf":[],"_links":{"self":[{"href":"https:\/\/farwell.ee\/ru\/wp-json\/wp\/v2\/product\/21220","targetHints":{"allow":["GET"]}}],"collection":[{"href":"https:\/\/farwell.ee\/ru\/wp-json\/wp\/v2\/product"}],"about":[{"href":"https:\/\/farwell.ee\/ru\/wp-json\/wp\/v2\/types\/product"}],"wp:featuredmedia":[{"embeddable":true,"href":"https:\/\/farwell.ee\/ru\/wp-json\/wp\/v2\/media\/28419"}],"wp:attachment":[{"href":"https:\/\/farwell.ee\/ru\/wp-json\/wp\/v2\/media?parent=21220"}],"wp:term":[{"taxonomy":"product_brand","embeddable":true,"href":"https:\/\/farwell.ee\/ru\/wp-json\/wp\/v2\/product_brand?post=21220"},{"taxonomy":"product_cat","embeddable":true,"href":"https:\/\/farwell.ee\/ru\/wp-json\/wp\/v2\/product_cat?post=21220"},{"taxonomy":"product_tag","embeddable":true,"href":"https:\/\/farwell.ee\/ru\/wp-json\/wp\/v2\/product_tag?post=21220"}],"curies":[{"name":"wp","href":"https:\/\/api.w.org\/{rel}","templated":true}]}}