{"id":21209,"date":"2023-04-25T10:30:04","date_gmt":"2023-04-25T07:30:04","guid":{"rendered":"https:\/\/farwell.ee\/toode\/lauakaal-30kg-digitaalne-taadeldud-jaotise-vaartus-10g\/"},"modified":"2026-04-07T12:30:06","modified_gmt":"2026-04-07T09:30:06","slug":"lauakaal-30kg-digitaalne-taadeldud-jaotise-vaartus-10g","status":"publish","type":"product","link":"https:\/\/farwell.ee\/ru\/product\/lauakaal-30kg-digitaalne-taadeldud-jaotise-vaartus-10g\/","title":{"rendered":"Lauakaal 30kg digitaalne, taadeldud, jaotise v\u00e4\u00e4rtus 10g"},"content":{"rendered":"","protected":false},"excerpt":{"rendered":"<p>Jaotusv\u00e4\u00e4rtus ehk t\u00e4psus: 10 grammi<br \/>\nMinimaalne koormus 200 grammi<br \/>\nKaalumise \u00fclempiir: 30kg<br \/>\nKaitseaste: IP44 (pritsmekindel)<br \/>\nKaalu m\u00f5\u00f5t: 286 x 316 x 126,5 mm<br \/>\nPlatvormi m\u00f5\u00f5t: 200x260mm roostevaba<br \/>\nTaadeldav: EL esmataatlus<br \/>\nToide: AC adapter (12V\/500mA), aku (6V\/3,2Ah).<br \/>\nT\u00f6\u00f6aeg 70 tundi.<br \/>\nT\u00f6\u00f6temperatuur: -10\u00b0C \u2026. +40\u00b0C<br \/>\nFunktsioonid: nullimine, taara, \u00fchikute konverteerimine.<br \/>\nEkraan: LCD-ekraan, numbrite k\u00f5rgus 25mm, valge LED taustvalgustusega.<\/p>","protected":false},"featured_media":36352,"template":"","meta":{"_acf_changed":false,"inline_featured_image":false},"product_brand":[],"product_cat":[12393],"product_tag":[6987,6988],"class_list":{"0":"post-21209","1":"product","2":"type-product","3":"status-publish","4":"has-post-thumbnail","6":"product_cat-kaalud","7":"product_tag-kaubakaal","8":"product_tag-koogikaal","9":"pa_kaubamark-t-scale","11":"first","12":"outofstock","13":"shipping-taxable","14":"purchasable","15":"product-type-simple"},"acf":[],"_links":{"self":[{"href":"https:\/\/farwell.ee\/ru\/wp-json\/wp\/v2\/product\/21209","targetHints":{"allow":["GET"]}}],"collection":[{"href":"https:\/\/farwell.ee\/ru\/wp-json\/wp\/v2\/product"}],"about":[{"href":"https:\/\/farwell.ee\/ru\/wp-json\/wp\/v2\/types\/product"}],"wp:featuredmedia":[{"embeddable":true,"href":"https:\/\/farwell.ee\/ru\/wp-json\/wp\/v2\/media\/36352"}],"wp:attachment":[{"href":"https:\/\/farwell.ee\/ru\/wp-json\/wp\/v2\/media?parent=21209"}],"wp:term":[{"taxonomy":"product_brand","embeddable":true,"href":"https:\/\/farwell.ee\/ru\/wp-json\/wp\/v2\/product_brand?post=21209"},{"taxonomy":"product_cat","embeddable":true,"href":"https:\/\/farwell.ee\/ru\/wp-json\/wp\/v2\/product_cat?post=21209"},{"taxonomy":"product_tag","embeddable":true,"href":"https:\/\/farwell.ee\/ru\/wp-json\/wp\/v2\/product_tag?post=21209"}],"curies":[{"name":"wp","href":"https:\/\/api.w.org\/{rel}","templated":true}]}}