{"id":21201,"date":"2023-04-25T10:00:04","date_gmt":"2023-04-25T07:00:04","guid":{"rendered":"https:\/\/farwell.ee\/toode\/porandakaal-60kg-digitaalne-taadeldud-jaotise-vaartus-20g\/"},"modified":"2025-11-11T13:30:16","modified_gmt":"2025-11-11T11:30:16","slug":"porandakaal-60kg-digitaalne-taadeldud-jaotise-vaartus-20g","status":"publish","type":"product","link":"https:\/\/farwell.ee\/ru\/product\/porandakaal-60kg-digitaalne-taadeldud-jaotise-vaartus-20g\/","title":{"rendered":"P\u00f5randakaal 60kg digitaalne, taadeldud, jaotise v\u00e4\u00e4rtus 20g"},"content":{"rendered":"","protected":false},"excerpt":{"rendered":"<p>\u2022 Kaalumisv\u00f5ime: 60kg<br \/>\n\u2022 Jaotise v\u00e4\u00e4rtus: 20g<br \/>\n\u2022 Jaotiste arv: 3000e<br \/>\n\u2022 Kaal: 18,3kg<\/p>\n<p>\u2022 Ekraan:\u00a024mm LCD ekraan taustavalgustusega<br \/>\n\u2022 Klaviatuur:\u00a05 klahvi (membraanklaviatuur)<br \/>\n\u2022 ADC m\u00f5\u00f5tmise sagedus:\u00a01\/10 sek.<br \/>\n\u2022 T\u00f6\u00f6temp.:\u00a0-10\u00b0C ~ + 40\u00b0C<br \/>\n\u2022 Toide:\u00a0AC adapter (12V\/500mA), taaslaetav aku (6V\/4Ah)<\/p>\n<p>\u2022 Funktsioonid: 1. Kontrolkaalumine, 2. Akumuleerimine, 3. Loomade kaalumine, 4. \u00dchikute teisendamine.<br \/>\n\u2022 Taaslaetav aku v\u00f5imaldab kuni 70 tunnist t\u00f6\u00f6aega(ilma tasutvalgustuseta).<br \/>\n\u2022 Valikuline RS-232 liides arvuti v\u00f5i printeriga \u00fchendamiseks.<br \/>\n\u2022 Taadeldud EU t\u00fc\u00fcbikinnitus No. DK0199.165.<\/p>\n<p>Platvormi m\u00f5\u00f5dud: 400x500mm<br \/>\nKaalu k\u00f5rgus: 903mm<\/p>","protected":false},"featured_media":36369,"template":"","meta":{"_acf_changed":false,"inline_featured_image":false},"product_brand":[],"product_cat":[12393],"product_tag":[],"class_list":{"0":"post-21201","1":"product","2":"type-product","3":"status-publish","4":"has-post-thumbnail","6":"product_cat-kaalud","7":"pa_kaubamark-t-scale","9":"first","10":"instock","11":"shipping-taxable","12":"purchasable","13":"product-type-simple"},"acf":[],"_links":{"self":[{"href":"https:\/\/farwell.ee\/ru\/wp-json\/wp\/v2\/product\/21201","targetHints":{"allow":["GET"]}}],"collection":[{"href":"https:\/\/farwell.ee\/ru\/wp-json\/wp\/v2\/product"}],"about":[{"href":"https:\/\/farwell.ee\/ru\/wp-json\/wp\/v2\/types\/product"}],"wp:featuredmedia":[{"embeddable":true,"href":"https:\/\/farwell.ee\/ru\/wp-json\/wp\/v2\/media\/36369"}],"wp:attachment":[{"href":"https:\/\/farwell.ee\/ru\/wp-json\/wp\/v2\/media?parent=21201"}],"wp:term":[{"taxonomy":"product_brand","embeddable":true,"href":"https:\/\/farwell.ee\/ru\/wp-json\/wp\/v2\/product_brand?post=21201"},{"taxonomy":"product_cat","embeddable":true,"href":"https:\/\/farwell.ee\/ru\/wp-json\/wp\/v2\/product_cat?post=21201"},{"taxonomy":"product_tag","embeddable":true,"href":"https:\/\/farwell.ee\/ru\/wp-json\/wp\/v2\/product_tag?post=21201"}],"curies":[{"name":"wp","href":"https:\/\/api.w.org\/{rel}","templated":true}]}}