{"id":21178,"date":"2023-04-21T14:30:03","date_gmt":"2023-04-21T11:30:03","guid":{"rendered":"https:\/\/farwell.ee\/toode\/nugade-teritaja-3-funktsiooniga\/"},"modified":"2025-07-01T11:45:04","modified_gmt":"2025-07-01T08:45:04","slug":"nugade-teritaja-3-funktsiooniga","status":"publish","type":"product","link":"https:\/\/farwell.ee\/ru\/product\/nugade-teritaja-3-funktsiooniga\/","title":{"rendered":"Nugade teritaja 2-etapiline ja keraamilistele nugadele, 20\u00b0 teritusnurk"},"content":{"rendered":"","protected":false},"excerpt":{"rendered":"<p>Ergonoomiline k\u00e4epide ja libisemisvastane alusp\u00f5hi tagavad ohutuse ja mugavuse kasutamisel.<br \/>\n3 funktsiooni v\u00f5imaldavad teritada 3 t\u00fc\u00fcpi nuge, sealhulgas keraamilisi.<br \/>\nMitte kasutada sakiliste terade v\u00f5i k\u00e4\u00e4ride teritamiseks.<br \/>\nMaterjal: ABS-plastik<\/p>","protected":false},"featured_media":21175,"template":"","meta":{"_acf_changed":false,"inline_featured_image":false},"product_brand":[],"product_cat":[140],"product_tag":[],"class_list":{"0":"post-21178","1":"product","2":"type-product","3":"status-publish","4":"has-post-thumbnail","6":"product_cat-kooginoad","7":"pa_kaubamark-hendi","9":"first","10":"outofstock","11":"shipping-taxable","12":"purchasable","13":"product-type-simple"},"acf":[],"_links":{"self":[{"href":"https:\/\/farwell.ee\/ru\/wp-json\/wp\/v2\/product\/21178","targetHints":{"allow":["GET"]}}],"collection":[{"href":"https:\/\/farwell.ee\/ru\/wp-json\/wp\/v2\/product"}],"about":[{"href":"https:\/\/farwell.ee\/ru\/wp-json\/wp\/v2\/types\/product"}],"wp:featuredmedia":[{"embeddable":true,"href":"https:\/\/farwell.ee\/ru\/wp-json\/wp\/v2\/media\/21175"}],"wp:attachment":[{"href":"https:\/\/farwell.ee\/ru\/wp-json\/wp\/v2\/media?parent=21178"}],"wp:term":[{"taxonomy":"product_brand","embeddable":true,"href":"https:\/\/farwell.ee\/ru\/wp-json\/wp\/v2\/product_brand?post=21178"},{"taxonomy":"product_cat","embeddable":true,"href":"https:\/\/farwell.ee\/ru\/wp-json\/wp\/v2\/product_cat?post=21178"},{"taxonomy":"product_tag","embeddable":true,"href":"https:\/\/farwell.ee\/ru\/wp-json\/wp\/v2\/product_tag?post=21178"}],"curies":[{"name":"wp","href":"https:\/\/api.w.org\/{rel}","templated":true}]}}