{"id":21168,"date":"2023-04-21T14:00:03","date_gmt":"2023-04-21T11:00:03","guid":{"rendered":"https:\/\/farwell.ee\/toode\/nugade-teritaja-elektriline-2-etapiline\/"},"modified":"2025-10-29T15:00:04","modified_gmt":"2025-10-29T13:00:04","slug":"nugade-teritaja-elektriline-2-etapiline","status":"publish","type":"product","link":"https:\/\/farwell.ee\/ru\/product\/nugade-teritaja-elektriline-2-etapiline\/","title":{"rendered":"Nugade teritaja elektriline, 2-etapiline, 20\u00b0 teritusnurk"},"content":{"rendered":"","protected":false},"excerpt":{"rendered":"<p>Chef&#8217;sChoice&#8217;i professionaalne elektriline noateritaja teemantlihvijaga.<\/p>\n<p>Kompaktne ja v\u00e4lkkiire professionaalne teritaja kasutab t\u00e4iustatud tehnoloogiat nii sirge teraga kui ka sakilise teraga nugade teritamiseks.<br \/>\nKaheastmeline teritus annab kaarekujulised servad, mis on tugevamad ja vastupidavamad kui \u00f5\u00f5neslihvitud v\u00f5i tavalised V-kujulised servad.<br \/>\n1. etapis kasutatakse esimese kalde loomiseks 100% peeneid teemantlihvijaid\u00a0 ja 2. etapis teritatakse serva ultralihvimisega, kasutades teise kalde viimistlemiseks t\u00e4iustatud mikronisuurusi 100% teemantlihvijaid.<br \/>\nT\u00e4pselt vormitud koonilised teemantlihvimiskettad avaldavad \u00f5rnalt optimaalset teritussurvet, mis garanteerib, et tera ei kahjustu.<br \/>\n\u00dclit\u00e4psed noajuhikud positsioneerivad ja stabiliseerivad nuga automaatselt teritamise ajal, et tagada kiired ja veatud tulemused.<br \/>\nMudel 320 sobib ideaalselt igat t\u00fc\u00fcpi nugade, sealhulgas k\u00f6\u00f6gi-, majapidamis-, spordi- ja taskunugade teritamiseks.<br \/>\nSellel kompaktsel seadmel on vastupidavad elastomeersed jalad, mis hoiavad seadet kindlalt t\u00f6\u00f6pinnal.<\/p>\n<p>Projekteeritud ja kokku pandud USAs.<\/p>\n<p>&nbsp;<\/p>","protected":false},"featured_media":35272,"template":"","meta":{"_acf_changed":false,"inline_featured_image":false},"product_brand":[],"product_cat":[140],"product_tag":[],"class_list":{"0":"post-21168","1":"product","2":"type-product","3":"status-publish","4":"has-post-thumbnail","6":"product_cat-kooginoad","7":"pa_kaubamark-chefs-choise-2","9":"first","10":"outofstock","11":"shipping-taxable","12":"purchasable","13":"product-type-simple"},"acf":[],"_links":{"self":[{"href":"https:\/\/farwell.ee\/ru\/wp-json\/wp\/v2\/product\/21168","targetHints":{"allow":["GET"]}}],"collection":[{"href":"https:\/\/farwell.ee\/ru\/wp-json\/wp\/v2\/product"}],"about":[{"href":"https:\/\/farwell.ee\/ru\/wp-json\/wp\/v2\/types\/product"}],"wp:featuredmedia":[{"embeddable":true,"href":"https:\/\/farwell.ee\/ru\/wp-json\/wp\/v2\/media\/35272"}],"wp:attachment":[{"href":"https:\/\/farwell.ee\/ru\/wp-json\/wp\/v2\/media?parent=21168"}],"wp:term":[{"taxonomy":"product_brand","embeddable":true,"href":"https:\/\/farwell.ee\/ru\/wp-json\/wp\/v2\/product_brand?post=21168"},{"taxonomy":"product_cat","embeddable":true,"href":"https:\/\/farwell.ee\/ru\/wp-json\/wp\/v2\/product_cat?post=21168"},{"taxonomy":"product_tag","embeddable":true,"href":"https:\/\/farwell.ee\/ru\/wp-json\/wp\/v2\/product_tag?post=21168"}],"curies":[{"name":"wp","href":"https:\/\/api.w.org\/{rel}","templated":true}]}}