{"id":21013,"date":"2023-04-17T16:30:04","date_gmt":"2023-04-17T13:30:04","guid":{"rendered":"https:\/\/farwell.ee\/toode\/loikelaua-komplekt-53x325cm-6-vahetatava-pealismatiga\/"},"modified":"2026-03-17T15:30:07","modified_gmt":"2026-03-17T13:30:07","slug":"loikelaua-komplekt-53x325cm-6-vahetatava-pealismatiga","status":"publish","type":"product","link":"https:\/\/farwell.ee\/ru\/product\/loikelaua-komplekt-53x325cm-6-vahetatava-pealismatiga\/","title":{"rendered":"L\u00f5ikelaua komplekt 53&#215;32,5&#215;3,5cm, 6. vahetatava pealismatiga"},"content":{"rendered":"","protected":false},"excerpt":{"rendered":"<p>GN 1\/1 m\u00f5\u00f5dus l\u00f5ikelaua komplekt vahetatavate pealismattidega.<br \/>\nProfboard\u00b4i l\u00f5ikelaua komplekti on lihtne kasutada ja see s\u00e4\u00e4stab teie k\u00f6\u00f6gis ruumi.<br \/>\nKoost\u00f6\u00f6s kokkadega disainitud Profboard koosneb l\u00f5ikelauast ja vahetatavatest v\u00e4rvikoodiga (HACCP) l\u00f5ikemattidest, millel on geniaalne kinnitus ehk klikis\u00fcsteem.<\/p>","protected":false},"featured_media":21015,"template":"","meta":{"_acf_changed":false,"inline_featured_image":false},"product_brand":[],"product_cat":[146],"product_tag":[],"class_list":{"0":"post-21013","1":"product","2":"type-product","3":"status-publish","4":"has-post-thumbnail","6":"product_cat-loikelauad","7":"pa_kaubamark-profboard","9":"first","10":"instock","11":"shipping-taxable","12":"purchasable","13":"product-type-simple"},"acf":[],"_links":{"self":[{"href":"https:\/\/farwell.ee\/ru\/wp-json\/wp\/v2\/product\/21013","targetHints":{"allow":["GET"]}}],"collection":[{"href":"https:\/\/farwell.ee\/ru\/wp-json\/wp\/v2\/product"}],"about":[{"href":"https:\/\/farwell.ee\/ru\/wp-json\/wp\/v2\/types\/product"}],"wp:featuredmedia":[{"embeddable":true,"href":"https:\/\/farwell.ee\/ru\/wp-json\/wp\/v2\/media\/21015"}],"wp:attachment":[{"href":"https:\/\/farwell.ee\/ru\/wp-json\/wp\/v2\/media?parent=21013"}],"wp:term":[{"taxonomy":"product_brand","embeddable":true,"href":"https:\/\/farwell.ee\/ru\/wp-json\/wp\/v2\/product_brand?post=21013"},{"taxonomy":"product_cat","embeddable":true,"href":"https:\/\/farwell.ee\/ru\/wp-json\/wp\/v2\/product_cat?post=21013"},{"taxonomy":"product_tag","embeddable":true,"href":"https:\/\/farwell.ee\/ru\/wp-json\/wp\/v2\/product_tag?post=21013"}],"curies":[{"name":"wp","href":"https:\/\/api.w.org\/{rel}","templated":true}]}}