{"id":21003,"date":"2023-04-17T10:00:05","date_gmt":"2023-04-17T07:00:05","guid":{"rendered":"https:\/\/farwell.ee\/toode\/infrapuna-termomeeter-60-350%cb%9ac-termosensoriga\/"},"modified":"2026-03-24T12:12:44","modified_gmt":"2026-03-24T10:12:44","slug":"infrapuna-termomeeter-60-350%cb%9ac-termosensoriga","status":"publish","type":"product","link":"https:\/\/farwell.ee\/ru\/product\/infrapuna-termomeeter-60-350%cb%9ac-termosensoriga\/","title":{"rendered":"Infrapuna termomeeter -60C kuni +350C termosensoriga"},"content":{"rendered":"","protected":false},"excerpt":{"rendered":"<p><span dir=\"auto\">Temperatuuri skaneerimine infrapuna- v\u00f5i kokkupandava anduri abil.<\/span><br \/>\n<span dir=\"auto\">HACCP kontrolltuled v\u00f5imaldavad koheselt tuvastada ohutuid\/ohtlikke temperatuure.<\/span><br \/>\n<span dir=\"auto\">Kokkupandava 90 mm pikkuse roostevabast terasest anduriga.<\/span><br \/>\n<span dir=\"auto\">M\u00f5\u00f5tevahemik -60 \u00b0C kuni 350 \u00b0C.<\/span><br \/>\n<span dir=\"auto\">Graduatsioon 0,2 \u00b0C.<\/span><br \/>\n<span dir=\"auto\">Infrapuna t\u00e4psus: -60\/65 \u00b0C \u22481 \u00b0C, 65\/350 \u00b0C \u22481,5%.<\/span><br \/>\n<span dir=\"auto\">Anduri t\u00e4psus: -60\/-5 \u00b0C \u22481 \u00b0C, -5\/65 \u00b0C \u22480,5 \u00b0C, 65\/350 \u00b0C \u22481%.<\/span><br \/>\n<span dir=\"auto\">M\u00f5\u00f5tepunktide kauguse suhe (D:S) 8:1.<\/span><br \/>\n<span dir=\"auto\">Automaatne v\u00e4ljal\u00fclitus 15 sekundi p\u00e4rast.<\/span><br \/>\n<span dir=\"auto\">Patareid: 2xAAA (ei kuulu komplekti).<\/span><\/p>","protected":false},"featured_media":20999,"template":"","meta":{"_acf_changed":false,"inline_featured_image":false},"product_brand":[],"product_cat":[181],"product_tag":[],"class_list":{"0":"post-21003","1":"product","2":"type-product","3":"status-publish","4":"has-post-thumbnail","6":"product_cat-termomeetrid-ja-taimerid","7":"pa_kaubamark-hendi","9":"first","10":"instock","11":"shipping-taxable","12":"purchasable","13":"product-type-simple"},"acf":[],"_links":{"self":[{"href":"https:\/\/farwell.ee\/ru\/wp-json\/wp\/v2\/product\/21003","targetHints":{"allow":["GET"]}}],"collection":[{"href":"https:\/\/farwell.ee\/ru\/wp-json\/wp\/v2\/product"}],"about":[{"href":"https:\/\/farwell.ee\/ru\/wp-json\/wp\/v2\/types\/product"}],"wp:featuredmedia":[{"embeddable":true,"href":"https:\/\/farwell.ee\/ru\/wp-json\/wp\/v2\/media\/20999"}],"wp:attachment":[{"href":"https:\/\/farwell.ee\/ru\/wp-json\/wp\/v2\/media?parent=21003"}],"wp:term":[{"taxonomy":"product_brand","embeddable":true,"href":"https:\/\/farwell.ee\/ru\/wp-json\/wp\/v2\/product_brand?post=21003"},{"taxonomy":"product_cat","embeddable":true,"href":"https:\/\/farwell.ee\/ru\/wp-json\/wp\/v2\/product_cat?post=21003"},{"taxonomy":"product_tag","embeddable":true,"href":"https:\/\/farwell.ee\/ru\/wp-json\/wp\/v2\/product_tag?post=21003"}],"curies":[{"name":"wp","href":"https:\/\/api.w.org\/{rel}","templated":true}]}}