{"id":20836,"date":"2023-04-06T10:30:04","date_gmt":"2023-04-06T07:30:04","guid":{"rendered":"https:\/\/farwell.ee\/toode\/varupirn-infrapuna-soojalampidele-250w-valge-e27-kannaga\/"},"modified":"2026-04-16T14:00:11","modified_gmt":"2026-04-16T11:00:11","slug":"varupirn-infrapuna-soojalampidele-250w-valge-e27-kannaga","status":"publish","type":"product","link":"https:\/\/farwell.ee\/ru\/product\/varupirn-infrapuna-soojalampidele-250w-valge-e27-kannaga\/","title":{"rendered":"Varupirn infrapuna soojalampidele 250W valge E27 kannaga"},"content":{"rendered":"","protected":false},"excerpt":{"rendered":"<p>Infrapunase spektriga soojenduslamp hoiab v\u00e4ljastusletil toitu soojana.<br \/>\nV\u00f5imsus 250W<br \/>\nL\u00e4bim\u00f5\u00f5t 125mm, k\u00f5rgus 170mm.<br \/>\nValge spektriga.<\/p>","protected":false},"featured_media":20834,"template":"","meta":{"_acf_changed":false,"inline_featured_image":false},"product_brand":[],"product_cat":[6409],"product_tag":[],"class_list":{"0":"post-20836","1":"product","2":"type-product","3":"status-publish","4":"has-post-thumbnail","6":"product_cat-soojalambid","7":"pa_kaubamark-hendi","9":"first","10":"instock","11":"shipping-taxable","12":"purchasable","13":"product-type-simple"},"acf":[],"_links":{"self":[{"href":"https:\/\/farwell.ee\/ru\/wp-json\/wp\/v2\/product\/20836","targetHints":{"allow":["GET"]}}],"collection":[{"href":"https:\/\/farwell.ee\/ru\/wp-json\/wp\/v2\/product"}],"about":[{"href":"https:\/\/farwell.ee\/ru\/wp-json\/wp\/v2\/types\/product"}],"wp:featuredmedia":[{"embeddable":true,"href":"https:\/\/farwell.ee\/ru\/wp-json\/wp\/v2\/media\/20834"}],"wp:attachment":[{"href":"https:\/\/farwell.ee\/ru\/wp-json\/wp\/v2\/media?parent=20836"}],"wp:term":[{"taxonomy":"product_brand","embeddable":true,"href":"https:\/\/farwell.ee\/ru\/wp-json\/wp\/v2\/product_brand?post=20836"},{"taxonomy":"product_cat","embeddable":true,"href":"https:\/\/farwell.ee\/ru\/wp-json\/wp\/v2\/product_cat?post=20836"},{"taxonomy":"product_tag","embeddable":true,"href":"https:\/\/farwell.ee\/ru\/wp-json\/wp\/v2\/product_tag?post=20836"}],"curies":[{"name":"wp","href":"https:\/\/api.w.org\/{rel}","templated":true}]}}