{"id":20786,"date":"2023-04-04T17:00:04","date_gmt":"2023-04-04T14:00:04","guid":{"rendered":"https:\/\/farwell.ee\/toode\/toidutermos-127l-2\/"},"modified":"2026-01-16T12:15:12","modified_gmt":"2026-01-16T10:15:12","slug":"toidutermos-127l-2","status":"publish","type":"product","link":"https:\/\/farwell.ee\/ru\/product\/toidutermos-127l-2\/","title":{"rendered":"Toidutermos 12,7L Cambro"},"content":{"rendered":"","protected":false},"excerpt":{"rendered":"<p>Materjal pol\u00fcet\u00fcleen, soojustusmaterjal pol\u00fcuretaan.<br \/>\nIntegreeritud k\u00e4epidemed<br \/>\nMonoliitne, liitekohtadeta korpus ja tugevad k\u00e4epidemed.<br \/>\nLukustusmehhanismid vastupidavast nailonist.<br \/>\nLadustatav.<br \/>\nM\u00f5\u00f5dud: 42x23x47cm.<br \/>\nMahutab 50 portsjonit mahuga 250ml.<\/p>","protected":false},"featured_media":31862,"template":"","meta":{"_acf_changed":false,"inline_featured_image":false},"product_brand":[],"product_cat":[5553],"product_tag":[],"class_list":{"0":"post-20786","1":"product","2":"type-product","3":"status-publish","4":"has-post-thumbnail","6":"product_cat-joogitermosed-ja-toidutermosed","7":"pa_kaubamark-cambro","9":"first","10":"outofstock","11":"shipping-taxable","12":"purchasable","13":"product-type-simple"},"acf":[],"_links":{"self":[{"href":"https:\/\/farwell.ee\/ru\/wp-json\/wp\/v2\/product\/20786","targetHints":{"allow":["GET"]}}],"collection":[{"href":"https:\/\/farwell.ee\/ru\/wp-json\/wp\/v2\/product"}],"about":[{"href":"https:\/\/farwell.ee\/ru\/wp-json\/wp\/v2\/types\/product"}],"wp:featuredmedia":[{"embeddable":true,"href":"https:\/\/farwell.ee\/ru\/wp-json\/wp\/v2\/media\/31862"}],"wp:attachment":[{"href":"https:\/\/farwell.ee\/ru\/wp-json\/wp\/v2\/media?parent=20786"}],"wp:term":[{"taxonomy":"product_brand","embeddable":true,"href":"https:\/\/farwell.ee\/ru\/wp-json\/wp\/v2\/product_brand?post=20786"},{"taxonomy":"product_cat","embeddable":true,"href":"https:\/\/farwell.ee\/ru\/wp-json\/wp\/v2\/product_cat?post=20786"},{"taxonomy":"product_tag","embeddable":true,"href":"https:\/\/farwell.ee\/ru\/wp-json\/wp\/v2\/product_tag?post=20786"}],"curies":[{"name":"wp","href":"https:\/\/api.w.org\/{rel}","templated":true}]}}