{"id":20754,"date":"2023-04-04T10:00:04","date_gmt":"2023-04-04T07:00:04","guid":{"rendered":"https:\/\/farwell.ee\/toode\/pitsataigna-kast-18l-600x400x95mm\/"},"modified":"2026-01-16T10:30:04","modified_gmt":"2026-01-16T08:30:04","slug":"pitsataigna-kast-18l-600x400x95mm","status":"publish","type":"product","link":"https:\/\/farwell.ee\/ru\/product\/pitsataigna-kast-18l-600x400x95mm\/","title":{"rendered":"Pitsataigna kast 18L kaaneta PE, 600x400x95mm"},"content":{"rendered":"","protected":false},"excerpt":{"rendered":"<p>Sisem\u00f5\u00f5dud 565x365x90mm.<br \/>\nValmistatud pol\u00fcet\u00fcleenist.<br \/>\nS\u00e4ilitab taigna v\u00e4rskuse ja kerkimisprotsessi j\u00e4rjepidevuse.<br \/>\nLadustatavad kas kaaneta v\u00f5i kaanega.<br \/>\nN\u00f5udepesumasinas pestav.<br \/>\nSobilik kaas koodiga 880968.<\/p>\n<p>&nbsp;<\/p>","protected":false},"featured_media":20753,"template":"","meta":{"_acf_changed":false,"inline_featured_image":false},"product_brand":[],"product_cat":[154],"product_tag":[6392],"class_list":{"0":"post-20754","1":"product","2":"type-product","3":"status-publish","4":"has-post-thumbnail","6":"product_cat-pizzatarvikud","7":"product_tag-pitsa","8":"pa_kaubamark-hendi","10":"first","11":"instock","12":"shipping-taxable","13":"purchasable","14":"product-type-simple"},"acf":[],"_links":{"self":[{"href":"https:\/\/farwell.ee\/ru\/wp-json\/wp\/v2\/product\/20754","targetHints":{"allow":["GET"]}}],"collection":[{"href":"https:\/\/farwell.ee\/ru\/wp-json\/wp\/v2\/product"}],"about":[{"href":"https:\/\/farwell.ee\/ru\/wp-json\/wp\/v2\/types\/product"}],"wp:featuredmedia":[{"embeddable":true,"href":"https:\/\/farwell.ee\/ru\/wp-json\/wp\/v2\/media\/20753"}],"wp:attachment":[{"href":"https:\/\/farwell.ee\/ru\/wp-json\/wp\/v2\/media?parent=20754"}],"wp:term":[{"taxonomy":"product_brand","embeddable":true,"href":"https:\/\/farwell.ee\/ru\/wp-json\/wp\/v2\/product_brand?post=20754"},{"taxonomy":"product_cat","embeddable":true,"href":"https:\/\/farwell.ee\/ru\/wp-json\/wp\/v2\/product_cat?post=20754"},{"taxonomy":"product_tag","embeddable":true,"href":"https:\/\/farwell.ee\/ru\/wp-json\/wp\/v2\/product_tag?post=20754"}],"curies":[{"name":"wp","href":"https:\/\/api.w.org\/{rel}","templated":true}]}}