{"id":20721,"date":"2023-04-03T15:45:04","date_gmt":"2023-04-03T12:45:04","guid":{"rendered":"https:\/\/farwell.ee\/toode\/kandikute-togi-gn-1-1-7-siiniga-siinide-vahe-80mm\/"},"modified":"2026-01-09T10:45:11","modified_gmt":"2026-01-09T08:45:11","slug":"kandikute-togi-gn-1-1-7-siiniga-siinide-vahe-80mm","status":"publish","type":"product","link":"https:\/\/farwell.ee\/ru\/product\/kandikute-togi-gn-1-1-7-siiniga-siinide-vahe-80mm\/","title":{"rendered":"Kandikute togi GN 1\/1, 7-siiniga, siinide vahe 80mm"},"content":{"rendered":"","protected":false},"excerpt":{"rendered":"<p>Roostevabast terasest madal GN 1\/1 n\u00f5ude togi.<br \/>\nTasapinnaga 530x325mm.<br \/>\nKahepoolne stopper Gn-n\u00f5ude fikseerimiseks.<br \/>\n4 p\u00f6\u00f6rlevat ratast, millest 2 on piduriga.<br \/>\nMaksimaalne koormus 150kg.<br \/>\nKokkupandav.<br \/>\nKandikuk\u00e4ru m\u00f5\u00f5tudega: 380x550x925mm.<\/p>","protected":false},"featured_media":20728,"template":"","meta":{"_acf_changed":false,"inline_featured_image":false},"product_brand":[],"product_cat":[6371],"product_tag":[],"class_list":{"0":"post-20721","1":"product","2":"type-product","3":"status-publish","4":"has-post-thumbnail","6":"product_cat-koogikarud-ja-togid","7":"pa_kaubamark-hendi","9":"first","10":"outofstock","11":"shipping-taxable","12":"purchasable","13":"product-type-simple"},"acf":[],"_links":{"self":[{"href":"https:\/\/farwell.ee\/ru\/wp-json\/wp\/v2\/product\/20721","targetHints":{"allow":["GET"]}}],"collection":[{"href":"https:\/\/farwell.ee\/ru\/wp-json\/wp\/v2\/product"}],"about":[{"href":"https:\/\/farwell.ee\/ru\/wp-json\/wp\/v2\/types\/product"}],"wp:featuredmedia":[{"embeddable":true,"href":"https:\/\/farwell.ee\/ru\/wp-json\/wp\/v2\/media\/20728"}],"wp:attachment":[{"href":"https:\/\/farwell.ee\/ru\/wp-json\/wp\/v2\/media?parent=20721"}],"wp:term":[{"taxonomy":"product_brand","embeddable":true,"href":"https:\/\/farwell.ee\/ru\/wp-json\/wp\/v2\/product_brand?post=20721"},{"taxonomy":"product_cat","embeddable":true,"href":"https:\/\/farwell.ee\/ru\/wp-json\/wp\/v2\/product_cat?post=20721"},{"taxonomy":"product_tag","embeddable":true,"href":"https:\/\/farwell.ee\/ru\/wp-json\/wp\/v2\/product_tag?post=20721"}],"curies":[{"name":"wp","href":"https:\/\/api.w.org\/{rel}","templated":true}]}}