{"id":20714,"date":"2023-04-03T15:30:04","date_gmt":"2023-04-03T12:30:04","guid":{"rendered":"https:\/\/farwell.ee\/toode\/kandikute-togi-gn-1-1-15-siiniga-siinide-vahe-80mm\/"},"modified":"2026-01-09T10:45:11","modified_gmt":"2026-01-09T08:45:11","slug":"kandikute-togi-gn-1-1-15-siiniga-siinide-vahe-80mm","status":"publish","type":"product","link":"https:\/\/farwell.ee\/ru\/product\/kandikute-togi-gn-1-1-15-siiniga-siinide-vahe-80mm\/","title":{"rendered":"Kandikute togi GN 1\/1, 15-siiniga, siinide vahe 80mm"},"content":{"rendered":"","protected":false},"excerpt":{"rendered":"<p>Roostevabast terasest kandikuk\u00e4ru.<br \/>\nKokkupandav.<br \/>\nKahepoolne stopper tagab n\u00f5ude p\u00fcsivuse togis.<br \/>\n4 p\u00f6\u00f6rlevat ratast, millest 2 on piduritega.<br \/>\nMaksiaalne koormus 150kg.<br \/>\nKandikute v\u00f5i n\u00f5ude m\u00f5\u00f5dud 53&#215;32,5cm.<br \/>\nM\u00f5\u00f5dud: 450x615x1695 mm<\/p>","protected":false},"featured_media":20731,"template":"","meta":{"_acf_changed":false,"inline_featured_image":false},"product_brand":[],"product_cat":[6371],"product_tag":[],"class_list":{"0":"post-20714","1":"product","2":"type-product","3":"status-publish","4":"has-post-thumbnail","6":"product_cat-koogikarud-ja-togid","7":"pa_kaubamark-hendi","9":"first","10":"outofstock","11":"shipping-taxable","12":"purchasable","13":"product-type-simple"},"acf":[],"_links":{"self":[{"href":"https:\/\/farwell.ee\/ru\/wp-json\/wp\/v2\/product\/20714","targetHints":{"allow":["GET"]}}],"collection":[{"href":"https:\/\/farwell.ee\/ru\/wp-json\/wp\/v2\/product"}],"about":[{"href":"https:\/\/farwell.ee\/ru\/wp-json\/wp\/v2\/types\/product"}],"wp:featuredmedia":[{"embeddable":true,"href":"https:\/\/farwell.ee\/ru\/wp-json\/wp\/v2\/media\/20731"}],"wp:attachment":[{"href":"https:\/\/farwell.ee\/ru\/wp-json\/wp\/v2\/media?parent=20714"}],"wp:term":[{"taxonomy":"product_brand","embeddable":true,"href":"https:\/\/farwell.ee\/ru\/wp-json\/wp\/v2\/product_brand?post=20714"},{"taxonomy":"product_cat","embeddable":true,"href":"https:\/\/farwell.ee\/ru\/wp-json\/wp\/v2\/product_cat?post=20714"},{"taxonomy":"product_tag","embeddable":true,"href":"https:\/\/farwell.ee\/ru\/wp-json\/wp\/v2\/product_tag?post=20714"}],"curies":[{"name":"wp","href":"https:\/\/api.w.org\/{rel}","templated":true}]}}