{"id":20673,"date":"2023-04-01T17:15:04","date_gmt":"2023-04-01T14:15:04","guid":{"rendered":"https:\/\/farwell.ee\/toode\/koogivilijanuga-14cm\/"},"modified":"2025-08-22T08:15:04","modified_gmt":"2025-08-22T05:15:04","slug":"koogivilijanuga-14cm","status":"publish","type":"product","link":"https:\/\/farwell.ee\/ru\/product\/koogivilijanuga-14cm\/","title":{"rendered":"Kokanuga 14cm MiniSantoku"},"content":{"rendered":"","protected":false},"excerpt":{"rendered":"<p>Global noad on Jaapanis valmistatud tipptasemel professionaalsed t\u00f6\u00f6riistad.<br \/>\n1985. aastal disainis Komin Yamada esimesed Global noad, mis pidid olema murrangulised nii tehniliste omaduste kui ka v\u00e4limuse poolest.<\/p>\n<p>Yamadal see t\u00f5esti \u00f5nnestus ja isegi aastak\u00fcmnete p\u00e4rast v\u00f5ib Globali noadisaini nimetada kaasaegseks.<br \/>\nGlobal on oma disaini eest v\u00f5itnud mitmeid auhindu ja on \u00fcks kuulsamaid Jaapani noabr\u00e4nde.<\/p>\n<p>Terase kvaliteet on k\u00f5va Cromova roostevaba teras, k\u00f5vadusega C56-58 Rockwelli skaalal.<br \/>\nTeritusnurk Global nugades on umbes 10 kraadi.<br \/>\n\u00d5ige nurga all teritades saate terasest parima tundlikkuse, teravuse ja tera pidamise.<\/p>\n<p>Nuga pakitud kinkekarpi.<\/p>","protected":false},"featured_media":20672,"template":"","meta":{"_acf_changed":false,"inline_featured_image":false},"product_brand":[],"product_cat":[140],"product_tag":[],"class_list":{"0":"post-20673","1":"product","2":"type-product","3":"status-publish","4":"has-post-thumbnail","6":"product_cat-kooginoad","7":"pa_kaubamark-global","9":"first","10":"instock","11":"shipping-taxable","12":"purchasable","13":"product-type-simple"},"acf":[],"_links":{"self":[{"href":"https:\/\/farwell.ee\/ru\/wp-json\/wp\/v2\/product\/20673","targetHints":{"allow":["GET"]}}],"collection":[{"href":"https:\/\/farwell.ee\/ru\/wp-json\/wp\/v2\/product"}],"about":[{"href":"https:\/\/farwell.ee\/ru\/wp-json\/wp\/v2\/types\/product"}],"wp:featuredmedia":[{"embeddable":true,"href":"https:\/\/farwell.ee\/ru\/wp-json\/wp\/v2\/media\/20672"}],"wp:attachment":[{"href":"https:\/\/farwell.ee\/ru\/wp-json\/wp\/v2\/media?parent=20673"}],"wp:term":[{"taxonomy":"product_brand","embeddable":true,"href":"https:\/\/farwell.ee\/ru\/wp-json\/wp\/v2\/product_brand?post=20673"},{"taxonomy":"product_cat","embeddable":true,"href":"https:\/\/farwell.ee\/ru\/wp-json\/wp\/v2\/product_cat?post=20673"},{"taxonomy":"product_tag","embeddable":true,"href":"https:\/\/farwell.ee\/ru\/wp-json\/wp\/v2\/product_tag?post=20673"}],"curies":[{"name":"wp","href":"https:\/\/api.w.org\/{rel}","templated":true}]}}