{"id":20640,"date":"2023-03-31T16:00:03","date_gmt":"2023-03-31T13:00:03","guid":{"rendered":"https:\/\/farwell.ee\/toode\/serveerimiskaru-3-tasapinnaga-vaike\/"},"modified":"2026-01-16T12:15:05","modified_gmt":"2026-01-16T10:15:05","slug":"serveerimiskaru-3-tasapinnaga-vaike","status":"publish","type":"product","link":"https:\/\/farwell.ee\/ru\/product\/serveerimiskaru-3-tasapinnaga-vaike\/","title":{"rendered":"Serveerimisk\u00e4ru 3-tasapinnaga, tasapinna m\u00f5\u00f5dud 62x40cm"},"content":{"rendered":"","protected":false},"excerpt":{"rendered":"<p>V\u00e4lism\u00f5\u00f5dud: <span class=\"base\" data-ui-id=\"page-title-wrapper\">835x410x965mm.<br \/>\n<\/span>Tasapinna m\u00f5\u00f5dud: 620x400x300mm.<br \/>\nKolme plastikust tasapinnaga.<br \/>\nKandev\u00f5ime 136kg.<br \/>\n4 p\u00f6\u00f6ratavat piduriteta ratast.<br \/>\nKokkupandav.<\/p>","protected":false},"featured_media":20639,"template":"","meta":{"_acf_changed":false,"inline_featured_image":false},"product_brand":[],"product_cat":[6321],"product_tag":[],"class_list":{"0":"post-20640","1":"product","2":"type-product","3":"status-publish","4":"has-post-thumbnail","6":"product_cat-serveerimiskarud-ja-lauad","7":"pa_kaubamark-cambro","9":"first","10":"outofstock","11":"shipping-taxable","12":"purchasable","13":"product-type-simple"},"acf":[],"_links":{"self":[{"href":"https:\/\/farwell.ee\/ru\/wp-json\/wp\/v2\/product\/20640","targetHints":{"allow":["GET"]}}],"collection":[{"href":"https:\/\/farwell.ee\/ru\/wp-json\/wp\/v2\/product"}],"about":[{"href":"https:\/\/farwell.ee\/ru\/wp-json\/wp\/v2\/types\/product"}],"wp:featuredmedia":[{"embeddable":true,"href":"https:\/\/farwell.ee\/ru\/wp-json\/wp\/v2\/media\/20639"}],"wp:attachment":[{"href":"https:\/\/farwell.ee\/ru\/wp-json\/wp\/v2\/media?parent=20640"}],"wp:term":[{"taxonomy":"product_brand","embeddable":true,"href":"https:\/\/farwell.ee\/ru\/wp-json\/wp\/v2\/product_brand?post=20640"},{"taxonomy":"product_cat","embeddable":true,"href":"https:\/\/farwell.ee\/ru\/wp-json\/wp\/v2\/product_cat?post=20640"},{"taxonomy":"product_tag","embeddable":true,"href":"https:\/\/farwell.ee\/ru\/wp-json\/wp\/v2\/product_tag?post=20640"}],"curies":[{"name":"wp","href":"https:\/\/api.w.org\/{rel}","templated":true}]}}