{"id":20612,"date":"2023-03-31T13:24:02","date_gmt":"2023-03-31T10:24:02","guid":{"rendered":"https:\/\/farwell.ee\/?post_type=product&#038;p=20612"},"modified":"2024-03-12T10:34:16","modified_gmt":"2024-03-12T08:34:16","slug":"skyline-premiums-kombi-boileriga-ahi-koos-puuteekraaniga-juhtimisega-10x1-1gn","status":"publish","type":"product","link":"https:\/\/farwell.ee\/ru\/product\/skyline-premiums-kombi-boileriga-ahi-koos-puuteekraaniga-juhtimisega-10x1-1gn\/","title":{"rendered":"SkyLine PremiumS boileriga kombiahi+puutetundlik juhtpaneel, 10&#215;1\/1GN"},"content":{"rendered":"","protected":false},"excerpt":{"rendered":"<p><strong>*hinnale lisandub k\u00e4ibemaks<\/strong><\/p>\n<p><strong>SkyLine PremiumS kombi boileriga ahi koos puuteekraaniga juhtimisega, 10&#215;1\/1GN, elektriline, 3 k\u00fcpsetusre\u017eiimi (automaatne, retseptidega programmid, manuaalne), automaatne pesemine<\/strong><\/p>\n<p><strong>M\u00f5\u00f5dud:<\/strong> 867x775x1058mm<br \/>\n<strong>Elektriv\u00f5imsus:<\/strong> 19Kw 3N<\/p>\n<p><strong>LISAINFO<\/strong><br \/>\nKombiahju kasutajaliides on varustatud k\u00f5rgresolutsiooniga puuteekraaniga, \u00fcle 30 erineva keele.<br \/>\n&#8211; Integreeritud aurugeneraator koos reaalajas toimuva niiskuse kontrolliga, viimast juhitakse Lambda anduriga.<br \/>\n&#8211; OptiFlow \u00f5hu jaotuss\u00fcsteem v\u00f5imaldab saavutada maksimaalset tootlikkust, 7 erinevat ventilaatori kiirust.<br \/>\n&#8211; SkyClean: Automaatne ja t\u00e4isintegreeritud enesepuhastus.<br \/>\n5 t\u00e4isautomaatset ts\u00fcklit (pehme, keskmine, tugev, v\u00e4ga tugev, ainult loputus) ja keskkonnas\u00e4\u00e4stlikud seaded energia, vee, pesu- ja loputusaine kokkuhoiuks.<br \/>\n&#8211; K\u00fcpsetamine: Automaatsed programmid (9 toiduperekonda, 100+ erinevat eelseadistatud retsepti);<br \/>\nProgrammid (v\u00f5imalik salvestada maksimaalselt 1000 erinevat retsepti ja neid grupeerida 16 erinevasse toidukategooriasse);<br \/>\nManuaalne (aurutamise, kombi ja konvektsiooni ts\u00fcklid); Spetsialisti ts\u00fcklid (toidu regenereerimine, madalal temperatuuril k\u00fcpsetamine, kergitamine, EcoDelta, Sous-Vide, staatiline ahi, pasta past\u00f6riseerimine, kuivatamine, toiduturvalisuse kontroll ja edasiarenenud toiduturvalisuse kontroll).<br \/>\n&#8211; Spetsiaalsed funktsioonid: Multi-Taimeriga toiduvalmistamine, Plan-n-Save jooksvate kulude v\u00e4hendamiseks, Make-it-Mine liidese kohandamiseks, SkyHub kodulehel kohandamiseks, MyPlanner p\u00e4evakava, SkyLine ChillerS SkyDuo-\u00fchendus, automaatne tagavara re\u017eiim t\u00f6\u00f6seisakute v\u00e4ltimiseks.<br \/>\n&#8211; HACCP andmete, programmide ja s\u00e4tete alla laadimiseks on olemas USB-port. \u00dchenduvuse valmidus.<br \/>\n&#8211; 6 m\u00f5\u00f5tepunktiga torketermomeeter.<br \/>\n&#8211; Uksel on kahekordne klaas, LED tuled.<br \/>\n&#8211; \u00dcleni roostevabast terasest konstruktsioon.<br \/>\n&#8211; Tarnitakse koos siinidega 1\/1 GN, 67 mm vahega.<\/p>","protected":false},"featured_media":20618,"template":"","meta":{"_acf_changed":false,"inline_featured_image":false},"product_brand":[],"product_cat":[6316],"product_tag":[],"class_list":{"0":"post-20612","1":"product","2":"type-product","3":"status-publish","4":"has-post-thumbnail","6":"product_cat-kombiahjud","8":"first","9":"outofstock","10":"shipping-taxable","11":"purchasable","12":"product-type-simple"},"acf":[],"_links":{"self":[{"href":"https:\/\/farwell.ee\/ru\/wp-json\/wp\/v2\/product\/20612","targetHints":{"allow":["GET"]}}],"collection":[{"href":"https:\/\/farwell.ee\/ru\/wp-json\/wp\/v2\/product"}],"about":[{"href":"https:\/\/farwell.ee\/ru\/wp-json\/wp\/v2\/types\/product"}],"wp:featuredmedia":[{"embeddable":true,"href":"https:\/\/farwell.ee\/ru\/wp-json\/wp\/v2\/media\/20618"}],"wp:attachment":[{"href":"https:\/\/farwell.ee\/ru\/wp-json\/wp\/v2\/media?parent=20612"}],"wp:term":[{"taxonomy":"product_brand","embeddable":true,"href":"https:\/\/farwell.ee\/ru\/wp-json\/wp\/v2\/product_brand?post=20612"},{"taxonomy":"product_cat","embeddable":true,"href":"https:\/\/farwell.ee\/ru\/wp-json\/wp\/v2\/product_cat?post=20612"},{"taxonomy":"product_tag","embeddable":true,"href":"https:\/\/farwell.ee\/ru\/wp-json\/wp\/v2\/product_tag?post=20612"}],"curies":[{"name":"wp","href":"https:\/\/api.w.org\/{rel}","templated":true}]}}