{"id":20590,"date":"2023-03-30T11:15:05","date_gmt":"2023-03-30T08:15:05","guid":{"rendered":"https:\/\/farwell.ee\/toode\/induktsioonpliit-2x35kw-d-xl-kahe-keedualaga-400v-3-faasi\/"},"modified":"2026-01-26T17:30:04","modified_gmt":"2026-01-26T15:30:04","slug":"induktsioonpliit-2x35kw-d-xl-kahe-keedualaga-400v-3-faasi","status":"publish","type":"product","link":"https:\/\/farwell.ee\/ru\/product\/induktsioonpliit-2x35kw-d-xl-kahe-keedualaga-400v-3-faasi\/","title":{"rendered":"Induktsioonpliit 2&#215;3,5kW D XL kahe keedualaga, 400V \/ 3-faasi"},"content":{"rendered":"","protected":false},"excerpt":{"rendered":"<p>\u2022 Kaks keeduplaati.<br \/>\n\u2022 Elektrooniline \u00fclekuumenemiskaitse.<br \/>\n\u2022 Reguleeritava k\u00f5rgusega jalad ja eemaldatav \u00f5hufilter.<br \/>\n\u2022 Kui eesmine keeduplaat t\u00f6\u00f6tab t\u00e4isv\u00f5imsusel e. 5000W, ei \u00fcleta tagumise keeduplaadi v\u00f5imsus 2000W.<br \/>\n\u2022 Tagumine keeduplaat saab t\u00f6\u00f6tada t\u00e4isv\u00f5imsusel e. 3500W ainult siis, kui eesmise keeduplaadi v\u00f5imsus ei \u00fcleta 3500W.<br \/>\n\u2022 Ideaalne n\u00f5udele p\u00f5hjal\u00e4bim\u00f5\u00f5duga 14cm &#8211; 28 cm \u00d8.<br \/>\n\u2022 Pliidiplaadi lubatud maksimaalne koormus: 20+20kg.<br \/>\n\u2022 Korpus roostevabast terasest.<br \/>\n\u2022 M\u00f5\u00f5dud: 405 x 700 x 145 mm<br \/>\n\u2022 Elekter: 400 V \/ 3 faasi \/ 2&#215;3,5 kW<\/p>","protected":false},"featured_media":20587,"template":"","meta":{"_acf_changed":false,"inline_featured_image":false},"product_brand":[],"product_cat":[5587],"product_tag":[],"class_list":{"0":"post-20590","1":"product","2":"type-product","3":"status-publish","4":"has-post-thumbnail","6":"product_cat-induktsioonpliidid","7":"pa_kaubamark-hendi","9":"first","10":"instock","11":"shipping-taxable","12":"purchasable","13":"product-type-simple"},"acf":[],"_links":{"self":[{"href":"https:\/\/farwell.ee\/ru\/wp-json\/wp\/v2\/product\/20590","targetHints":{"allow":["GET"]}}],"collection":[{"href":"https:\/\/farwell.ee\/ru\/wp-json\/wp\/v2\/product"}],"about":[{"href":"https:\/\/farwell.ee\/ru\/wp-json\/wp\/v2\/types\/product"}],"wp:featuredmedia":[{"embeddable":true,"href":"https:\/\/farwell.ee\/ru\/wp-json\/wp\/v2\/media\/20587"}],"wp:attachment":[{"href":"https:\/\/farwell.ee\/ru\/wp-json\/wp\/v2\/media?parent=20590"}],"wp:term":[{"taxonomy":"product_brand","embeddable":true,"href":"https:\/\/farwell.ee\/ru\/wp-json\/wp\/v2\/product_brand?post=20590"},{"taxonomy":"product_cat","embeddable":true,"href":"https:\/\/farwell.ee\/ru\/wp-json\/wp\/v2\/product_cat?post=20590"},{"taxonomy":"product_tag","embeddable":true,"href":"https:\/\/farwell.ee\/ru\/wp-json\/wp\/v2\/product_tag?post=20590"}],"curies":[{"name":"wp","href":"https:\/\/api.w.org\/{rel}","templated":true}]}}