{"id":20586,"date":"2023-03-30T11:15:04","date_gmt":"2023-03-30T08:15:04","guid":{"rendered":"https:\/\/farwell.ee\/toode\/induktsioonpliit-5kw-d-xl-380v-3-faasi\/"},"modified":"2026-01-09T10:45:10","modified_gmt":"2026-01-09T08:45:10","slug":"induktsioonpliit-5kw-d-xl-380v-3-faasi","status":"publish","type":"product","link":"https:\/\/farwell.ee\/ru\/product\/induktsioonpliit-5kw-d-xl-380v-3-faasi\/","title":{"rendered":"Induktsioonpliit 5kW D XL, 400V \/ 3-faasi"},"content":{"rendered":"","protected":false},"excerpt":{"rendered":"<p>\u2022 Sensorpaneel v\u00f5imsuse, temperatuuri ja aja reguleerimiseks.<br \/>\n\u2022 \u00dclekuumenemiskaitse, ventilaatorite olemasolu.<br \/>\n\u2022 Rasvakogumisfilter- lihtne puhastada.<br \/>\n\u2022 Reguleeritava k\u00f5rgusega jalad.<br \/>\n\u2022 Automaatne v\u00e4ljal\u00fclitus ja kuumutamispiirkonna vastavus n\u00f5u diameetrile.<br \/>\n\u2022 Ideaalne n\u00f5udele p\u00f5hjal\u00e4bim\u00f5\u00f5duga 14cm &#8211; 28cm.<br \/>\n\u2022 Pliidiplaadi lubatud maksimaalne koormus: 30kg.<br \/>\n\u2022 Korpus roostevabast terasest.<br \/>\n\u2022 M\u00f5\u00f5dud: 398 x 525 x 175 mm.<br \/>\n\u2022 Elekter: 380 V \/ 3 faasi \/ 5 kW<\/p>","protected":false},"featured_media":20585,"template":"","meta":{"_acf_changed":false,"inline_featured_image":false},"product_brand":[],"product_cat":[5587],"product_tag":[],"class_list":{"0":"post-20586","1":"product","2":"type-product","3":"status-publish","4":"has-post-thumbnail","6":"product_cat-induktsioonpliidid","7":"pa_kaubamark-hendi","9":"first","10":"outofstock","11":"shipping-taxable","12":"purchasable","13":"product-type-simple"},"acf":[],"_links":{"self":[{"href":"https:\/\/farwell.ee\/ru\/wp-json\/wp\/v2\/product\/20586","targetHints":{"allow":["GET"]}}],"collection":[{"href":"https:\/\/farwell.ee\/ru\/wp-json\/wp\/v2\/product"}],"about":[{"href":"https:\/\/farwell.ee\/ru\/wp-json\/wp\/v2\/types\/product"}],"wp:featuredmedia":[{"embeddable":true,"href":"https:\/\/farwell.ee\/ru\/wp-json\/wp\/v2\/media\/20585"}],"wp:attachment":[{"href":"https:\/\/farwell.ee\/ru\/wp-json\/wp\/v2\/media?parent=20586"}],"wp:term":[{"taxonomy":"product_brand","embeddable":true,"href":"https:\/\/farwell.ee\/ru\/wp-json\/wp\/v2\/product_brand?post=20586"},{"taxonomy":"product_cat","embeddable":true,"href":"https:\/\/farwell.ee\/ru\/wp-json\/wp\/v2\/product_cat?post=20586"},{"taxonomy":"product_tag","embeddable":true,"href":"https:\/\/farwell.ee\/ru\/wp-json\/wp\/v2\/product_tag?post=20586"}],"curies":[{"name":"wp","href":"https:\/\/api.w.org\/{rel}","templated":true}]}}